{"id":3722,"date":"2020-01-30T09:44:36","date_gmt":"2020-01-30T09:44:36","guid":{"rendered":"https:\/\/www.monogramas.es\/?post_type=product&#038;p=3722"},"modified":"2024-01-10T17:51:27","modified_gmt":"2024-01-10T16:51:27","slug":"gorra-flexfit-5-panel","status":"publish","type":"product","link":"https:\/\/www.monogramas.es\/index.php\/producto\/gorra-flexfit-5-panel\/","title":{"rendered":"Gorra flexfit 5 panel"},"content":{"rendered":"<h6><strong>Descripci\u00f3n:<\/strong> Gorra de visera plana, resfuerzo interior en la corona para conservar la forma. Tecnolog\u00eda Flexfit con cinta el\u00e1stica para un mejor ajuste y confort.<\/h6>\n<h6><strong>Composici\u00f3n:<\/strong> Tejido 87%\u00a0 Acr\u00edlico, 11% Lana, algod\u00f3n, 2% Elastan. 300g\/m2<\/h6>\n<h6>Tallas: S\/M, L\/XL<\/h6>\n<h6><strong>Medidas:<\/strong> S\/M: 55cm, L\/XL: 57,50cm<\/h6>\n<h6><strong>Preguntar por disponibilidad ya que tambi\u00e9n se venden por otras plataformas.<\/strong><\/h6>\n<!-- AddThis Advanced Settings generic via filter on the_content --><!-- AddThis Share Buttons generic via filter on the_content -->","protected":false},"excerpt":{"rendered":"<h6><strong>Descripci\u00f3n:<\/strong> Gorra de visera plana, resfuerzo interior en la corona para conservar la forma. Tecnolog\u00eda Flexfit con cinta el\u00e1stica para un mejor ajuste y confort.<\/h6>\n<h6><strong>Composici\u00f3n:<\/strong> Tejido 87%\u00a0 Acr\u00edlico, 11% Lana, algod\u00f3n, 2% Elastan. 300g\/m2<\/h6>\n<h6>Tallas: S\/M, L\/XL<\/h6>\n<h6><strong><span style=\"vertical-align: inherit;\"><span style=\"vertical-align: inherit;\">Medidas:<\/span><\/span><\/strong><span style=\"vertical-align: inherit;\"><span style=\"vertical-align: inherit;\"> S\/M: 55cm, L\/XL: 57,50cm<\/span><\/span><\/h6>\n<h6><strong><span style=\"vertical-align: inherit;\"><span style=\"vertical-align: inherit;\">Preguntar por disponibilidad ya que tambi\u00e9n se venden por otras plataformas.<\/span><\/span><\/strong><\/h6>\n<p><!-- AddThis Advanced Settings generic via filter on get_the_excerpt --><!-- AddThis Share Buttons generic via filter on get_the_excerpt --><\/p>\n","protected":false},"featured_media":3725,"comment_status":"open","ping_status":"closed","template":"","meta":{"site-sidebar-layout":"default","site-content-layout":"default","ast-site-content-layout":"default","site-content-style":"default","site-sidebar-style":"default","ast-global-header-display":"","ast-banner-title-visibility":"","ast-main-header-display":"","ast-hfb-above-header-display":"","ast-hfb-below-header-display":"","ast-hfb-mobile-header-display":"","site-post-title":"","ast-breadcrumbs-content":"","ast-featured-img":"","footer-sml-layout":"","ast-disable-related-posts":"","theme-transparent-header-meta":"default","adv-header-id-meta":"","stick-header-meta":"","header-above-stick-meta":"","header-main-stick-meta":"","header-below-stick-meta":"","astra-migrate-meta-layouts":"set","ast-page-background-enabled":"default","ast-page-background-meta":{"desktop":{"background-color":"","background-image":"","background-repeat":"repeat","background-position":"center center","background-size":"auto","background-attachment":"scroll","background-type":"","background-media":"","overlay-type":"","overlay-color":"","overlay-opacity":"","overlay-gradient":""},"tablet":{"background-color":"","background-image":"","background-repeat":"repeat","background-position":"center center","background-size":"auto","background-attachment":"scroll","background-type":"","background-media":"","overlay-type":"","overlay-color":"","overlay-opacity":"","overlay-gradient":""},"mobile":{"background-color":"","background-image":"","background-repeat":"repeat","background-position":"center center","background-size":"auto","background-attachment":"scroll","background-type":"","background-media":"","overlay-type":"","overlay-color":"","overlay-opacity":"","overlay-gradient":""}},"ast-content-background-meta":{"desktop":{"background-color":"var(--ast-global-color-5)","background-image":"","background-repeat":"repeat","background-position":"center center","background-size":"auto","background-attachment":"scroll","background-type":"","background-media":"","overlay-type":"","overlay-color":"","overlay-opacity":"","overlay-gradient":""},"tablet":{"background-color":"var(--ast-global-color-5)","background-image":"","background-repeat":"repeat","background-position":"center center","background-size":"auto","background-attachment":"scroll","background-type":"","background-media":"","overlay-type":"","overlay-color":"","overlay-opacity":"","overlay-gradient":""},"mobile":{"background-color":"var(--ast-global-color-5)","background-image":"","background-repeat":"repeat","background-position":"center center","background-size":"auto","background-attachment":"scroll","background-type":"","background-media":"","overlay-type":"","overlay-color":"","overlay-opacity":"","overlay-gradient":""}}},"product_brand":[],"product_cat":[16],"product_tag":[292,253],"class_list":{"0":"post-3722","1":"product","2":"type-product","3":"status-publish","4":"has-post-thumbnail","6":"product_cat-accesorios","7":"product_tag-flexfit","8":"product_tag-gorra","9":"desktop-align-left","10":"tablet-align-left","11":"mobile-align-left","13":"first","14":"instock","15":"featured","16":"taxable","17":"shipping-taxable","18":"purchasable","19":"product-type-variable","20":"has-default-attributes","21":"rtwpvs-product"},"yoast_head":"<!-- This site is optimized with the Yoast SEO plugin v27.0 - https:\/\/yoast.com\/product\/yoast-seo-wordpress\/ -->\n<title>Gorra flexfit 5 panel Monogramas, bordados y estampados Monogramas.<\/title>\n<meta name=\"robots\" content=\"index, follow, max-snippet:-1, max-image-preview:large, max-video-preview:-1\" \/>\n<link rel=\"canonical\" href=\"https:\/\/www.monogramas.es\/index.php\/producto\/gorra-flexfit-5-panel\/\" \/>\n<meta property=\"og:locale\" content=\"es_ES\" \/>\n<meta property=\"og:type\" content=\"article\" \/>\n<meta property=\"og:title\" content=\"Gorra flexfit 5 panel Monogramas, bordados y estampados Monogramas.\" \/>\n<meta property=\"og:description\" content=\"Descripci\u00f3n: Gorra de visera plana, resfuerzo interior en la corona para conservar la forma. Tecnolog\u00eda Flexfit con cinta el\u00e1stica para un mejor ajuste y confort. Composici\u00f3n: Tejido 87%\u00a0 Acr\u00edlico, 11% Lana, algod\u00f3n, 2% Elastan. 300g\/m2 Tallas: S\/M, L\/XL Medidas: S\/M: 55cm, L\/XL: 57,50cm Preguntar por disponibilidad ya que tambi\u00e9n se venden por otras plataformas.\" \/>\n<meta property=\"og:url\" content=\"https:\/\/www.monogramas.es\/index.php\/producto\/gorra-flexfit-5-panel\/\" \/>\n<meta property=\"og:site_name\" content=\"Monogramas, bordados y estampados\" \/>\n<meta property=\"article:publisher\" content=\"https:\/\/www.facebook.com\/monogramas.es\/?ref=bookmarks\" \/>\n<meta property=\"article:modified_time\" content=\"2024-01-10T16:51:27+00:00\" \/>\n<meta property=\"og:image\" content=\"https:\/\/www.monogramas.es\/wp-content\/uploads\/2020\/01\/KP908Red-1-scaled.jpg\" \/>\n\t<meta property=\"og:image:width\" content=\"2560\" \/>\n\t<meta property=\"og:image:height\" content=\"2389\" \/>\n\t<meta property=\"og:image:type\" content=\"image\/jpeg\" \/>\n<meta name=\"twitter:card\" content=\"summary_large_image\" \/>\n<meta name=\"twitter:site\" content=\"@Monogramas1\" \/>\n<meta name=\"twitter:label1\" content=\"Tiempo de lectura\" \/>\n\t<meta name=\"twitter:data1\" content=\"1 minuto\" \/>\n<script type=\"application\/ld+json\" class=\"yoast-schema-graph\">{\"@context\":\"https:\/\/schema.org\",\"@graph\":[{\"@type\":\"WebPage\",\"@id\":\"https:\/\/www.monogramas.es\/index.php\/producto\/gorra-flexfit-5-panel\/\",\"url\":\"https:\/\/www.monogramas.es\/index.php\/producto\/gorra-flexfit-5-panel\/\",\"name\":\"Gorra flexfit 5 panel Monogramas, bordados y estampados Monogramas.\",\"isPartOf\":{\"@id\":\"https:\/\/www.monogramas.es\/#website\"},\"primaryImageOfPage\":{\"@id\":\"https:\/\/www.monogramas.es\/index.php\/producto\/gorra-flexfit-5-panel\/#primaryimage\"},\"image\":{\"@id\":\"https:\/\/www.monogramas.es\/index.php\/producto\/gorra-flexfit-5-panel\/#primaryimage\"},\"thumbnailUrl\":\"https:\/\/www.monogramas.es\/wp-content\/uploads\/2020\/01\/KP908Red-1-scaled.jpg\",\"datePublished\":\"2020-01-30T09:44:36+00:00\",\"dateModified\":\"2024-01-10T16:51:27+00:00\",\"breadcrumb\":{\"@id\":\"https:\/\/www.monogramas.es\/index.php\/producto\/gorra-flexfit-5-panel\/#breadcrumb\"},\"inLanguage\":\"es\",\"potentialAction\":[{\"@type\":\"ReadAction\",\"target\":[\"https:\/\/www.monogramas.es\/index.php\/producto\/gorra-flexfit-5-panel\/\"]}]},{\"@type\":\"ImageObject\",\"inLanguage\":\"es\",\"@id\":\"https:\/\/www.monogramas.es\/index.php\/producto\/gorra-flexfit-5-panel\/#primaryimage\",\"url\":\"https:\/\/www.monogramas.es\/wp-content\/uploads\/2020\/01\/KP908Red-1-scaled.jpg\",\"contentUrl\":\"https:\/\/www.monogramas.es\/wp-content\/uploads\/2020\/01\/KP908Red-1-scaled.jpg\",\"width\":2560,\"height\":2389},{\"@type\":\"BreadcrumbList\",\"@id\":\"https:\/\/www.monogramas.es\/index.php\/producto\/gorra-flexfit-5-panel\/#breadcrumb\",\"itemListElement\":[{\"@type\":\"ListItem\",\"position\":1,\"name\":\"Portada\",\"item\":\"https:\/\/www.monogramas.es\/\"},{\"@type\":\"ListItem\",\"position\":2,\"name\":\"CATALOGO\",\"item\":\"https:\/\/www.monogramas.es\/index.php\/store\/\"},{\"@type\":\"ListItem\",\"position\":3,\"name\":\"Gorra flexfit 5 panel\"}]},{\"@type\":\"WebSite\",\"@id\":\"https:\/\/www.monogramas.es\/#website\",\"url\":\"https:\/\/www.monogramas.es\/\",\"name\":\"BORDADOS Y ESTAMPADOS\",\"description\":\"Bordados y estampados a tu alcance\",\"publisher\":{\"@id\":\"https:\/\/www.monogramas.es\/#organization\"},\"potentialAction\":[{\"@type\":\"SearchAction\",\"target\":{\"@type\":\"EntryPoint\",\"urlTemplate\":\"https:\/\/www.monogramas.es\/?s={search_term_string}\"},\"query-input\":{\"@type\":\"PropertyValueSpecification\",\"valueRequired\":true,\"valueName\":\"search_term_string\"}}],\"inLanguage\":\"es\"},{\"@type\":\"Organization\",\"@id\":\"https:\/\/www.monogramas.es\/#organization\",\"name\":\"monogramas\",\"url\":\"https:\/\/www.monogramas.es\/\",\"logo\":{\"@type\":\"ImageObject\",\"inLanguage\":\"es\",\"@id\":\"https:\/\/www.monogramas.es\/#\/schema\/logo\/image\/\",\"url\":\"https:\/\/www.monogramas.es\/wp-content\/uploads\/2019\/12\/monogramas-cabecera-pagina-web-final-scaled.png\",\"contentUrl\":\"https:\/\/www.monogramas.es\/wp-content\/uploads\/2019\/12\/monogramas-cabecera-pagina-web-final-scaled.png\",\"width\":2560,\"height\":1315,\"caption\":\"monogramas\"},\"image\":{\"@id\":\"https:\/\/www.monogramas.es\/#\/schema\/logo\/image\/\"},\"sameAs\":[\"https:\/\/www.facebook.com\/monogramas.es\/?ref=bookmarks\",\"https:\/\/x.com\/Monogramas1\",\"https:\/\/www.instagram.com\/monogramas.es\/\",\"https:\/\/www.youtube.com\/channel\/UCFwZuLf27A_ADTt61rTV9Kg\"]}]}<\/script>\n<!-- \/ Yoast SEO plugin. -->","yoast_head_json":{"title":"Gorra flexfit 5 panel Monogramas, bordados y estampados Monogramas.","robots":{"index":"index","follow":"follow","max-snippet":"max-snippet:-1","max-image-preview":"max-image-preview:large","max-video-preview":"max-video-preview:-1"},"canonical":"https:\/\/www.monogramas.es\/index.php\/producto\/gorra-flexfit-5-panel\/","og_locale":"es_ES","og_type":"article","og_title":"Gorra flexfit 5 panel Monogramas, bordados y estampados Monogramas.","og_description":"Descripci\u00f3n: Gorra de visera plana, resfuerzo interior en la corona para conservar la forma. Tecnolog\u00eda Flexfit con cinta el\u00e1stica para un mejor ajuste y confort. Composici\u00f3n: Tejido 87%\u00a0 Acr\u00edlico, 11% Lana, algod\u00f3n, 2% Elastan. 300g\/m2 Tallas: S\/M, L\/XL Medidas: S\/M: 55cm, L\/XL: 57,50cm Preguntar por disponibilidad ya que tambi\u00e9n se venden por otras plataformas.","og_url":"https:\/\/www.monogramas.es\/index.php\/producto\/gorra-flexfit-5-panel\/","og_site_name":"Monogramas, bordados y estampados","article_publisher":"https:\/\/www.facebook.com\/monogramas.es\/?ref=bookmarks","article_modified_time":"2024-01-10T16:51:27+00:00","og_image":[{"width":2560,"height":2389,"url":"https:\/\/www.monogramas.es\/wp-content\/uploads\/2020\/01\/KP908Red-1-scaled.jpg","type":"image\/jpeg"}],"twitter_card":"summary_large_image","twitter_site":"@Monogramas1","twitter_misc":{"Tiempo de lectura":"1 minuto"},"schema":{"@context":"https:\/\/schema.org","@graph":[{"@type":"WebPage","@id":"https:\/\/www.monogramas.es\/index.php\/producto\/gorra-flexfit-5-panel\/","url":"https:\/\/www.monogramas.es\/index.php\/producto\/gorra-flexfit-5-panel\/","name":"Gorra flexfit 5 panel Monogramas, bordados y estampados Monogramas.","isPartOf":{"@id":"https:\/\/www.monogramas.es\/#website"},"primaryImageOfPage":{"@id":"https:\/\/www.monogramas.es\/index.php\/producto\/gorra-flexfit-5-panel\/#primaryimage"},"image":{"@id":"https:\/\/www.monogramas.es\/index.php\/producto\/gorra-flexfit-5-panel\/#primaryimage"},"thumbnailUrl":"https:\/\/www.monogramas.es\/wp-content\/uploads\/2020\/01\/KP908Red-1-scaled.jpg","datePublished":"2020-01-30T09:44:36+00:00","dateModified":"2024-01-10T16:51:27+00:00","breadcrumb":{"@id":"https:\/\/www.monogramas.es\/index.php\/producto\/gorra-flexfit-5-panel\/#breadcrumb"},"inLanguage":"es","potentialAction":[{"@type":"ReadAction","target":["https:\/\/www.monogramas.es\/index.php\/producto\/gorra-flexfit-5-panel\/"]}]},{"@type":"ImageObject","inLanguage":"es","@id":"https:\/\/www.monogramas.es\/index.php\/producto\/gorra-flexfit-5-panel\/#primaryimage","url":"https:\/\/www.monogramas.es\/wp-content\/uploads\/2020\/01\/KP908Red-1-scaled.jpg","contentUrl":"https:\/\/www.monogramas.es\/wp-content\/uploads\/2020\/01\/KP908Red-1-scaled.jpg","width":2560,"height":2389},{"@type":"BreadcrumbList","@id":"https:\/\/www.monogramas.es\/index.php\/producto\/gorra-flexfit-5-panel\/#breadcrumb","itemListElement":[{"@type":"ListItem","position":1,"name":"Portada","item":"https:\/\/www.monogramas.es\/"},{"@type":"ListItem","position":2,"name":"CATALOGO","item":"https:\/\/www.monogramas.es\/index.php\/store\/"},{"@type":"ListItem","position":3,"name":"Gorra flexfit 5 panel"}]},{"@type":"WebSite","@id":"https:\/\/www.monogramas.es\/#website","url":"https:\/\/www.monogramas.es\/","name":"BORDADOS Y ESTAMPADOS","description":"Bordados y estampados a tu alcance","publisher":{"@id":"https:\/\/www.monogramas.es\/#organization"},"potentialAction":[{"@type":"SearchAction","target":{"@type":"EntryPoint","urlTemplate":"https:\/\/www.monogramas.es\/?s={search_term_string}"},"query-input":{"@type":"PropertyValueSpecification","valueRequired":true,"valueName":"search_term_string"}}],"inLanguage":"es"},{"@type":"Organization","@id":"https:\/\/www.monogramas.es\/#organization","name":"monogramas","url":"https:\/\/www.monogramas.es\/","logo":{"@type":"ImageObject","inLanguage":"es","@id":"https:\/\/www.monogramas.es\/#\/schema\/logo\/image\/","url":"https:\/\/www.monogramas.es\/wp-content\/uploads\/2019\/12\/monogramas-cabecera-pagina-web-final-scaled.png","contentUrl":"https:\/\/www.monogramas.es\/wp-content\/uploads\/2019\/12\/monogramas-cabecera-pagina-web-final-scaled.png","width":2560,"height":1315,"caption":"monogramas"},"image":{"@id":"https:\/\/www.monogramas.es\/#\/schema\/logo\/image\/"},"sameAs":["https:\/\/www.facebook.com\/monogramas.es\/?ref=bookmarks","https:\/\/x.com\/Monogramas1","https:\/\/www.instagram.com\/monogramas.es\/","https:\/\/www.youtube.com\/channel\/UCFwZuLf27A_ADTt61rTV9Kg"]}]}},"_links":{"self":[{"href":"https:\/\/www.monogramas.es\/index.php\/wp-json\/wp\/v2\/product\/3722","targetHints":{"allow":["GET"]}}],"collection":[{"href":"https:\/\/www.monogramas.es\/index.php\/wp-json\/wp\/v2\/product"}],"about":[{"href":"https:\/\/www.monogramas.es\/index.php\/wp-json\/wp\/v2\/types\/product"}],"replies":[{"embeddable":true,"href":"https:\/\/www.monogramas.es\/index.php\/wp-json\/wp\/v2\/comments?post=3722"}],"version-history":[{"count":6,"href":"https:\/\/www.monogramas.es\/index.php\/wp-json\/wp\/v2\/product\/3722\/revisions"}],"predecessor-version":[{"id":5128,"href":"https:\/\/www.monogramas.es\/index.php\/wp-json\/wp\/v2\/product\/3722\/revisions\/5128"}],"wp:featuredmedia":[{"embeddable":true,"href":"https:\/\/www.monogramas.es\/index.php\/wp-json\/wp\/v2\/media\/3725"}],"wp:attachment":[{"href":"https:\/\/www.monogramas.es\/index.php\/wp-json\/wp\/v2\/media?parent=3722"}],"wp:term":[{"taxonomy":"product_brand","embeddable":true,"href":"https:\/\/www.monogramas.es\/index.php\/wp-json\/wp\/v2\/product_brand?post=3722"},{"taxonomy":"product_cat","embeddable":true,"href":"https:\/\/www.monogramas.es\/index.php\/wp-json\/wp\/v2\/product_cat?post=3722"},{"taxonomy":"product_tag","embeddable":true,"href":"https:\/\/www.monogramas.es\/index.php\/wp-json\/wp\/v2\/product_tag?post=3722"}],"curies":[{"name":"wp","href":"https:\/\/api.w.org\/{rel}","templated":true}]}}