{"id":4617,"date":"2022-01-10T12:35:40","date_gmt":"2022-01-10T11:35:40","guid":{"rendered":"https:\/\/www.monogramas.es\/?post_type=product&#038;p=4617"},"modified":"2022-01-12T17:07:52","modified_gmt":"2022-01-12T16:07:52","slug":"gorra-flextif-delta","status":"publish","type":"product","link":"https:\/\/www.monogramas.es\/index.php\/producto\/gorra-flextif-delta\/","title":{"rendered":"Gorra Flexfit Delta FL180"},"content":{"rendered":"<ul class=\"product-sales-pitch\">\n<li>\n<h6>Cinta antitranspiraci\u00f3n y antimanchas.<\/h6>\n<\/li>\n<li>\n<h6>Visera curva.<\/h6>\n<\/li>\n<li>\n<h6>Espalda cerrada, corte extensible.<\/h6>\n<\/li>\n<\/ul>\n<h6><strong>Descripci\u00f3n:<\/strong><\/h6>\n<h6>92% poli\u00e9ster \/ 8% elast\u00e1n. Gorra confortable y ligera. Sin costuras ni bordados, los paneles est\u00e1n unidos entre si mediante una nueva cinta multifunci\u00f3n de tres capas. La tecnolog\u00eda patentada evita la formaci\u00f3n de manchas de sudor. El tejido de rizo en el interior absorbe la transpiraci\u00f3n y mejora el confort mientras que la peque\u00f1a visera aumenta el campo de visi\u00f3n.<\/h6>\n<div><\/div>\n<h6>Preguntar disponibilidad porque lo vendemos en otras plataformas.<\/h6>\n<!-- AddThis Advanced Settings generic via filter on the_content --><!-- AddThis Share Buttons generic via filter on the_content -->","protected":false},"excerpt":{"rendered":"<ul class=\"product-sales-pitch\">\n<li>\n<h6>Cinta antitranspiraci\u00f3n y antimanchas.<\/h6>\n<\/li>\n<li>\n<h6>Visera curva.<\/h6>\n<\/li>\n<li>\n<h6>Espalda cerrada, corte extensible.<\/h6>\n<\/li>\n<\/ul>\n<h6><strong>Descripci\u00f3n:<\/strong><\/h6>\n<h6>92% poli\u00e9ster \/ 8% elast\u00e1n. Gorra confortable y ligera. Sin costuras ni bordados, los paneles est\u00e1n unidos entre si mediante una nueva cinta multifunci\u00f3n de tres capas. La tecnolog\u00eda patentada evita la formaci\u00f3n de manchas de sudor. El tejido de rizo en el interior absorbe la transpiraci\u00f3n y mejora el confort mientras que la peque\u00f1a visera aumenta el campo de visi\u00f3n.<\/h6>\n<div><\/div>\n<h6>Preguntar disponibilidad porque lo vendemos en otras plataformas.<\/h6>\n<p><!-- AddThis Advanced Settings generic via filter on get_the_excerpt --><!-- AddThis Share Buttons generic via filter on get_the_excerpt --><\/p>\n","protected":false},"featured_media":4635,"comment_status":"open","ping_status":"closed","template":"","meta":{"site-sidebar-layout":"default","site-content-layout":"default","ast-site-content-layout":"default","site-content-style":"default","site-sidebar-style":"default","ast-global-header-display":"","ast-banner-title-visibility":"","ast-main-header-display":"","ast-hfb-above-header-display":"","ast-hfb-below-header-display":"","ast-hfb-mobile-header-display":"","site-post-title":"","ast-breadcrumbs-content":"","ast-featured-img":"","footer-sml-layout":"","ast-disable-related-posts":"","theme-transparent-header-meta":"default","adv-header-id-meta":"","stick-header-meta":"","header-above-stick-meta":"","header-main-stick-meta":"","header-below-stick-meta":"","astra-migrate-meta-layouts":"default","ast-page-background-enabled":"default","ast-page-background-meta":{"desktop":{"background-color":"","background-image":"","background-repeat":"repeat","background-position":"center center","background-size":"auto","background-attachment":"scroll","background-type":"","background-media":"","overlay-type":"","overlay-color":"","overlay-opacity":"","overlay-gradient":""},"tablet":{"background-color":"","background-image":"","background-repeat":"repeat","background-position":"center center","background-size":"auto","background-attachment":"scroll","background-type":"","background-media":"","overlay-type":"","overlay-color":"","overlay-opacity":"","overlay-gradient":""},"mobile":{"background-color":"","background-image":"","background-repeat":"repeat","background-position":"center center","background-size":"auto","background-attachment":"scroll","background-type":"","background-media":"","overlay-type":"","overlay-color":"","overlay-opacity":"","overlay-gradient":""}},"ast-content-background-meta":{"desktop":{"background-color":"var(--ast-global-color-5)","background-image":"","background-repeat":"repeat","background-position":"center center","background-size":"auto","background-attachment":"scroll","background-type":"","background-media":"","overlay-type":"","overlay-color":"","overlay-opacity":"","overlay-gradient":""},"tablet":{"background-color":"var(--ast-global-color-5)","background-image":"","background-repeat":"repeat","background-position":"center center","background-size":"auto","background-attachment":"scroll","background-type":"","background-media":"","overlay-type":"","overlay-color":"","overlay-opacity":"","overlay-gradient":""},"mobile":{"background-color":"var(--ast-global-color-5)","background-image":"","background-repeat":"repeat","background-position":"center center","background-size":"auto","background-attachment":"scroll","background-type":"","background-media":"","overlay-type":"","overlay-color":"","overlay-opacity":"","overlay-gradient":""}}},"product_brand":[],"product_cat":[16],"product_tag":[292,253],"class_list":{"0":"post-4617","1":"product","2":"type-product","3":"status-publish","4":"has-post-thumbnail","6":"product_cat-accesorios","7":"product_tag-flexfit","8":"product_tag-gorra","9":"desktop-align-left","10":"tablet-align-left","11":"mobile-align-left","13":"first","14":"instock","15":"featured","16":"taxable","17":"shipping-taxable","18":"purchasable","19":"product-type-variable","20":"has-default-attributes","21":"rtwpvs-product"},"yoast_head":"<!-- This site is optimized with the Yoast SEO plugin v27.0 - https:\/\/yoast.com\/product\/yoast-seo-wordpress\/ -->\n<title>Gorra Flexfit Delta FL180 - Monogramas, bordados y estampados<\/title>\n<meta name=\"description\" content=\"Gorra confortable y ligera. Sin costuras ni bordados, los paneles est\u00e1n unidos entre si mediante una nueva cinta multifunci\u00f3n de tres capas.\" \/>\n<meta name=\"robots\" content=\"index, follow, max-snippet:-1, max-image-preview:large, max-video-preview:-1\" \/>\n<link rel=\"canonical\" href=\"https:\/\/www.monogramas.es\/index.php\/producto\/gorra-flextif-delta\/\" \/>\n<meta property=\"og:locale\" content=\"es_ES\" \/>\n<meta property=\"og:type\" content=\"article\" \/>\n<meta property=\"og:title\" content=\"Gorra Flexfit Delta FL180 - Monogramas, bordados y estampados\" \/>\n<meta property=\"og:description\" content=\"Gorra confortable y ligera. Sin costuras ni bordados, los paneles est\u00e1n unidos entre si mediante una nueva cinta multifunci\u00f3n de tres capas.\" \/>\n<meta property=\"og:url\" content=\"https:\/\/www.monogramas.es\/index.php\/producto\/gorra-flextif-delta\/\" \/>\n<meta property=\"og:site_name\" content=\"Monogramas, bordados y estampados\" \/>\n<meta property=\"article:publisher\" content=\"https:\/\/www.facebook.com\/monogramas.es\/?ref=bookmarks\" \/>\n<meta property=\"article:modified_time\" content=\"2022-01-12T16:07:52+00:00\" \/>\n<meta property=\"og:image\" content=\"https:\/\/www.monogramas.es\/wp-content\/uploads\/2022\/01\/FL180_2020.jpg\" \/>\n\t<meta property=\"og:image:width\" content=\"714\" \/>\n\t<meta property=\"og:image:height\" content=\"1070\" \/>\n\t<meta property=\"og:image:type\" content=\"image\/jpeg\" \/>\n<meta name=\"twitter:card\" content=\"summary_large_image\" \/>\n<meta name=\"twitter:site\" content=\"@Monogramas1\" \/>\n<meta name=\"twitter:label1\" content=\"Tiempo de lectura\" \/>\n\t<meta name=\"twitter:data1\" content=\"1 minuto\" \/>\n<script type=\"application\/ld+json\" class=\"yoast-schema-graph\">{\"@context\":\"https:\/\/schema.org\",\"@graph\":[{\"@type\":\"WebPage\",\"@id\":\"https:\/\/www.monogramas.es\/index.php\/producto\/gorra-flextif-delta\/\",\"url\":\"https:\/\/www.monogramas.es\/index.php\/producto\/gorra-flextif-delta\/\",\"name\":\"Gorra Flexfit Delta FL180 - Monogramas, bordados y estampados\",\"isPartOf\":{\"@id\":\"https:\/\/www.monogramas.es\/#website\"},\"primaryImageOfPage\":{\"@id\":\"https:\/\/www.monogramas.es\/index.php\/producto\/gorra-flextif-delta\/#primaryimage\"},\"image\":{\"@id\":\"https:\/\/www.monogramas.es\/index.php\/producto\/gorra-flextif-delta\/#primaryimage\"},\"thumbnailUrl\":\"https:\/\/www.monogramas.es\/wp-content\/uploads\/2022\/01\/FL180_2020.jpg\",\"datePublished\":\"2022-01-10T11:35:40+00:00\",\"dateModified\":\"2022-01-12T16:07:52+00:00\",\"description\":\"Gorra confortable y ligera. Sin costuras ni bordados, los paneles est\u00e1n unidos entre si mediante una nueva cinta multifunci\u00f3n de tres capas.\",\"breadcrumb\":{\"@id\":\"https:\/\/www.monogramas.es\/index.php\/producto\/gorra-flextif-delta\/#breadcrumb\"},\"inLanguage\":\"es\",\"potentialAction\":[{\"@type\":\"ReadAction\",\"target\":[\"https:\/\/www.monogramas.es\/index.php\/producto\/gorra-flextif-delta\/\"]}]},{\"@type\":\"ImageObject\",\"inLanguage\":\"es\",\"@id\":\"https:\/\/www.monogramas.es\/index.php\/producto\/gorra-flextif-delta\/#primaryimage\",\"url\":\"https:\/\/www.monogramas.es\/wp-content\/uploads\/2022\/01\/FL180_2020.jpg\",\"contentUrl\":\"https:\/\/www.monogramas.es\/wp-content\/uploads\/2022\/01\/FL180_2020.jpg\",\"width\":714,\"height\":1070},{\"@type\":\"BreadcrumbList\",\"@id\":\"https:\/\/www.monogramas.es\/index.php\/producto\/gorra-flextif-delta\/#breadcrumb\",\"itemListElement\":[{\"@type\":\"ListItem\",\"position\":1,\"name\":\"Portada\",\"item\":\"https:\/\/www.monogramas.es\/\"},{\"@type\":\"ListItem\",\"position\":2,\"name\":\"CATALOGO\",\"item\":\"https:\/\/www.monogramas.es\/index.php\/store\/\"},{\"@type\":\"ListItem\",\"position\":3,\"name\":\"Gorra Flexfit Delta FL180\"}]},{\"@type\":\"WebSite\",\"@id\":\"https:\/\/www.monogramas.es\/#website\",\"url\":\"https:\/\/www.monogramas.es\/\",\"name\":\"BORDADOS Y ESTAMPADOS\",\"description\":\"Bordados y estampados a tu alcance\",\"publisher\":{\"@id\":\"https:\/\/www.monogramas.es\/#organization\"},\"potentialAction\":[{\"@type\":\"SearchAction\",\"target\":{\"@type\":\"EntryPoint\",\"urlTemplate\":\"https:\/\/www.monogramas.es\/?s={search_term_string}\"},\"query-input\":{\"@type\":\"PropertyValueSpecification\",\"valueRequired\":true,\"valueName\":\"search_term_string\"}}],\"inLanguage\":\"es\"},{\"@type\":\"Organization\",\"@id\":\"https:\/\/www.monogramas.es\/#organization\",\"name\":\"monogramas\",\"url\":\"https:\/\/www.monogramas.es\/\",\"logo\":{\"@type\":\"ImageObject\",\"inLanguage\":\"es\",\"@id\":\"https:\/\/www.monogramas.es\/#\/schema\/logo\/image\/\",\"url\":\"https:\/\/www.monogramas.es\/wp-content\/uploads\/2019\/12\/monogramas-cabecera-pagina-web-final-scaled.png\",\"contentUrl\":\"https:\/\/www.monogramas.es\/wp-content\/uploads\/2019\/12\/monogramas-cabecera-pagina-web-final-scaled.png\",\"width\":2560,\"height\":1315,\"caption\":\"monogramas\"},\"image\":{\"@id\":\"https:\/\/www.monogramas.es\/#\/schema\/logo\/image\/\"},\"sameAs\":[\"https:\/\/www.facebook.com\/monogramas.es\/?ref=bookmarks\",\"https:\/\/x.com\/Monogramas1\",\"https:\/\/www.instagram.com\/monogramas.es\/\",\"https:\/\/www.youtube.com\/channel\/UCFwZuLf27A_ADTt61rTV9Kg\"]}]}<\/script>\n<!-- \/ Yoast SEO plugin. -->","yoast_head_json":{"title":"Gorra Flexfit Delta FL180 - Monogramas, bordados y estampados","description":"Gorra confortable y ligera. Sin costuras ni bordados, los paneles est\u00e1n unidos entre si mediante una nueva cinta multifunci\u00f3n de tres capas.","robots":{"index":"index","follow":"follow","max-snippet":"max-snippet:-1","max-image-preview":"max-image-preview:large","max-video-preview":"max-video-preview:-1"},"canonical":"https:\/\/www.monogramas.es\/index.php\/producto\/gorra-flextif-delta\/","og_locale":"es_ES","og_type":"article","og_title":"Gorra Flexfit Delta FL180 - Monogramas, bordados y estampados","og_description":"Gorra confortable y ligera. Sin costuras ni bordados, los paneles est\u00e1n unidos entre si mediante una nueva cinta multifunci\u00f3n de tres capas.","og_url":"https:\/\/www.monogramas.es\/index.php\/producto\/gorra-flextif-delta\/","og_site_name":"Monogramas, bordados y estampados","article_publisher":"https:\/\/www.facebook.com\/monogramas.es\/?ref=bookmarks","article_modified_time":"2022-01-12T16:07:52+00:00","og_image":[{"width":714,"height":1070,"url":"https:\/\/www.monogramas.es\/wp-content\/uploads\/2022\/01\/FL180_2020.jpg","type":"image\/jpeg"}],"twitter_card":"summary_large_image","twitter_site":"@Monogramas1","twitter_misc":{"Tiempo de lectura":"1 minuto"},"schema":{"@context":"https:\/\/schema.org","@graph":[{"@type":"WebPage","@id":"https:\/\/www.monogramas.es\/index.php\/producto\/gorra-flextif-delta\/","url":"https:\/\/www.monogramas.es\/index.php\/producto\/gorra-flextif-delta\/","name":"Gorra Flexfit Delta FL180 - Monogramas, bordados y estampados","isPartOf":{"@id":"https:\/\/www.monogramas.es\/#website"},"primaryImageOfPage":{"@id":"https:\/\/www.monogramas.es\/index.php\/producto\/gorra-flextif-delta\/#primaryimage"},"image":{"@id":"https:\/\/www.monogramas.es\/index.php\/producto\/gorra-flextif-delta\/#primaryimage"},"thumbnailUrl":"https:\/\/www.monogramas.es\/wp-content\/uploads\/2022\/01\/FL180_2020.jpg","datePublished":"2022-01-10T11:35:40+00:00","dateModified":"2022-01-12T16:07:52+00:00","description":"Gorra confortable y ligera. Sin costuras ni bordados, los paneles est\u00e1n unidos entre si mediante una nueva cinta multifunci\u00f3n de tres capas.","breadcrumb":{"@id":"https:\/\/www.monogramas.es\/index.php\/producto\/gorra-flextif-delta\/#breadcrumb"},"inLanguage":"es","potentialAction":[{"@type":"ReadAction","target":["https:\/\/www.monogramas.es\/index.php\/producto\/gorra-flextif-delta\/"]}]},{"@type":"ImageObject","inLanguage":"es","@id":"https:\/\/www.monogramas.es\/index.php\/producto\/gorra-flextif-delta\/#primaryimage","url":"https:\/\/www.monogramas.es\/wp-content\/uploads\/2022\/01\/FL180_2020.jpg","contentUrl":"https:\/\/www.monogramas.es\/wp-content\/uploads\/2022\/01\/FL180_2020.jpg","width":714,"height":1070},{"@type":"BreadcrumbList","@id":"https:\/\/www.monogramas.es\/index.php\/producto\/gorra-flextif-delta\/#breadcrumb","itemListElement":[{"@type":"ListItem","position":1,"name":"Portada","item":"https:\/\/www.monogramas.es\/"},{"@type":"ListItem","position":2,"name":"CATALOGO","item":"https:\/\/www.monogramas.es\/index.php\/store\/"},{"@type":"ListItem","position":3,"name":"Gorra Flexfit Delta FL180"}]},{"@type":"WebSite","@id":"https:\/\/www.monogramas.es\/#website","url":"https:\/\/www.monogramas.es\/","name":"BORDADOS Y ESTAMPADOS","description":"Bordados y estampados a tu alcance","publisher":{"@id":"https:\/\/www.monogramas.es\/#organization"},"potentialAction":[{"@type":"SearchAction","target":{"@type":"EntryPoint","urlTemplate":"https:\/\/www.monogramas.es\/?s={search_term_string}"},"query-input":{"@type":"PropertyValueSpecification","valueRequired":true,"valueName":"search_term_string"}}],"inLanguage":"es"},{"@type":"Organization","@id":"https:\/\/www.monogramas.es\/#organization","name":"monogramas","url":"https:\/\/www.monogramas.es\/","logo":{"@type":"ImageObject","inLanguage":"es","@id":"https:\/\/www.monogramas.es\/#\/schema\/logo\/image\/","url":"https:\/\/www.monogramas.es\/wp-content\/uploads\/2019\/12\/monogramas-cabecera-pagina-web-final-scaled.png","contentUrl":"https:\/\/www.monogramas.es\/wp-content\/uploads\/2019\/12\/monogramas-cabecera-pagina-web-final-scaled.png","width":2560,"height":1315,"caption":"monogramas"},"image":{"@id":"https:\/\/www.monogramas.es\/#\/schema\/logo\/image\/"},"sameAs":["https:\/\/www.facebook.com\/monogramas.es\/?ref=bookmarks","https:\/\/x.com\/Monogramas1","https:\/\/www.instagram.com\/monogramas.es\/","https:\/\/www.youtube.com\/channel\/UCFwZuLf27A_ADTt61rTV9Kg"]}]}},"_links":{"self":[{"href":"https:\/\/www.monogramas.es\/index.php\/wp-json\/wp\/v2\/product\/4617","targetHints":{"allow":["GET"]}}],"collection":[{"href":"https:\/\/www.monogramas.es\/index.php\/wp-json\/wp\/v2\/product"}],"about":[{"href":"https:\/\/www.monogramas.es\/index.php\/wp-json\/wp\/v2\/types\/product"}],"replies":[{"embeddable":true,"href":"https:\/\/www.monogramas.es\/index.php\/wp-json\/wp\/v2\/comments?post=4617"}],"version-history":[{"count":3,"href":"https:\/\/www.monogramas.es\/index.php\/wp-json\/wp\/v2\/product\/4617\/revisions"}],"predecessor-version":[{"id":4654,"href":"https:\/\/www.monogramas.es\/index.php\/wp-json\/wp\/v2\/product\/4617\/revisions\/4654"}],"wp:featuredmedia":[{"embeddable":true,"href":"https:\/\/www.monogramas.es\/index.php\/wp-json\/wp\/v2\/media\/4635"}],"wp:attachment":[{"href":"https:\/\/www.monogramas.es\/index.php\/wp-json\/wp\/v2\/media?parent=4617"}],"wp:term":[{"taxonomy":"product_brand","embeddable":true,"href":"https:\/\/www.monogramas.es\/index.php\/wp-json\/wp\/v2\/product_brand?post=4617"},{"taxonomy":"product_cat","embeddable":true,"href":"https:\/\/www.monogramas.es\/index.php\/wp-json\/wp\/v2\/product_cat?post=4617"},{"taxonomy":"product_tag","embeddable":true,"href":"https:\/\/www.monogramas.es\/index.php\/wp-json\/wp\/v2\/product_tag?post=4617"}],"curies":[{"name":"wp","href":"https:\/\/api.w.org\/{rel}","templated":true}]}}