{"id":5089,"date":"2023-01-10T18:27:35","date_gmt":"2023-01-10T17:27:35","guid":{"rendered":"https:\/\/www.monogramas.es\/?post_type=product&#038;p=5089"},"modified":"2024-09-10T13:21:09","modified_gmt":"2024-09-10T11:21:09","slug":"cojin-personalizado","status":"publish","type":"product","link":"https:\/\/www.monogramas.es\/index.php\/producto\/cojin-personalizado\/","title":{"rendered":"Coj\u00edn Personalizado 40*40"},"content":{"rendered":"<h6>Descripci\u00f3n:<\/h6>\n<ul class=\"a-unordered-list a-vertical a-spacing-mini\">\n<li>\n<h6><span class=\"a-list-item\">Tejido de sarga de poli\u00e9ster s\u00faper blanco con lustre &#8211; El tejido de sarga de peso medio-ligero le da un rico y sedoso lustre al producto. Se ve rico y caro.\u00a0<\/span><\/h6>\n<\/li>\n<li>\n<h6><span class=\"a-list-item\">Cremalleras Blancas Invisibles &#8211; Las cremalleras Blancas Suaves y ocultas que se fijan en la parte inferior hacen que el cierre sea casi invisible. S\u00f3lo se puede ver el peque\u00f1o tirador.<\/span><\/h6>\n<\/li>\n<li>\n<h6><span class=\"a-list-item\">Lavable a m\u00e1quina &#8211; La tela de poli\u00e9ster resistente y de larga duraci\u00f3n es totalmente segura para lavar a m\u00e1quina hasta 60*C con jab\u00f3n y detergente. Puedes lavar cualquier n\u00famero de veces.<\/span><\/h6>\n<\/li>\n<\/ul>\n<!-- AddThis Advanced Settings generic via filter on the_content --><!-- AddThis Share Buttons generic via filter on the_content -->","protected":false},"excerpt":{"rendered":"<h6>Descripci\u00f3n:<\/h6>\n<ul class=\"a-unordered-list a-vertical a-spacing-mini\">\n<li>\n<h6><span class=\"a-list-item\">Tejido de sarga de poli\u00e9ster s\u00faper blanco con lustre &#8211; El tejido de sarga de peso medio-ligero le da un rico y sedoso lustre al producto. Se ve rico y caro.\u00a0<\/span><\/h6>\n<\/li>\n<li>\n<h6><span class=\"a-list-item\">Cremalleras Blancas Invisibles &#8211; Las cremalleras Blancas Suaves y ocultas que se fijan en la parte inferior hacen que el cierre sea casi invisible. S\u00f3lo se puede ver el peque\u00f1o tirador.<\/span><\/h6>\n<\/li>\n<li>\n<h6><span class=\"a-list-item\">Lavable a m\u00e1quina &#8211; La tela de poli\u00e9ster resistente y de larga duraci\u00f3n es totalmente segura para lavar a m\u00e1quina hasta 60*C con jab\u00f3n y detergente. Puedes lavar cualquier n\u00famero de veces.<\/span><\/h6>\n<\/li>\n<\/ul>\n<p><!-- AddThis Advanced Settings generic via filter on get_the_excerpt --><!-- AddThis Share Buttons generic via filter on get_the_excerpt --><\/p>\n","protected":false},"featured_media":5090,"comment_status":"open","ping_status":"closed","template":"","meta":{"site-sidebar-layout":"default","site-content-layout":"default","ast-site-content-layout":"default","site-content-style":"default","site-sidebar-style":"default","ast-global-header-display":"","ast-banner-title-visibility":"","ast-main-header-display":"","ast-hfb-above-header-display":"","ast-hfb-below-header-display":"","ast-hfb-mobile-header-display":"","site-post-title":"","ast-breadcrumbs-content":"","ast-featured-img":"","footer-sml-layout":"","ast-disable-related-posts":"","theme-transparent-header-meta":"default","adv-header-id-meta":"","stick-header-meta":"","header-above-stick-meta":"","header-main-stick-meta":"","header-below-stick-meta":"","astra-migrate-meta-layouts":"default","ast-page-background-enabled":"default","ast-page-background-meta":{"desktop":{"background-color":"","background-image":"","background-repeat":"repeat","background-position":"center center","background-size":"auto","background-attachment":"scroll","background-type":"","background-media":"","overlay-type":"","overlay-color":"","overlay-opacity":"","overlay-gradient":""},"tablet":{"background-color":"","background-image":"","background-repeat":"repeat","background-position":"center center","background-size":"auto","background-attachment":"scroll","background-type":"","background-media":"","overlay-type":"","overlay-color":"","overlay-opacity":"","overlay-gradient":""},"mobile":{"background-color":"","background-image":"","background-repeat":"repeat","background-position":"center center","background-size":"auto","background-attachment":"scroll","background-type":"","background-media":"","overlay-type":"","overlay-color":"","overlay-opacity":"","overlay-gradient":""}},"ast-content-background-meta":{"desktop":{"background-color":"var(--ast-global-color-5)","background-image":"","background-repeat":"repeat","background-position":"center center","background-size":"auto","background-attachment":"scroll","background-type":"","background-media":"","overlay-type":"","overlay-color":"","overlay-opacity":"","overlay-gradient":""},"tablet":{"background-color":"var(--ast-global-color-5)","background-image":"","background-repeat":"repeat","background-position":"center center","background-size":"auto","background-attachment":"scroll","background-type":"","background-media":"","overlay-type":"","overlay-color":"","overlay-opacity":"","overlay-gradient":""},"mobile":{"background-color":"var(--ast-global-color-5)","background-image":"","background-repeat":"repeat","background-position":"center center","background-size":"auto","background-attachment":"scroll","background-type":"","background-media":"","overlay-type":"","overlay-color":"","overlay-opacity":"","overlay-gradient":""}}},"product_brand":[],"product_cat":[16,297],"product_tag":[361,363,362,300,258],"class_list":{"0":"post-5089","1":"product","2":"type-product","3":"status-publish","4":"has-post-thumbnail","6":"product_cat-accesorios","7":"product_cat-regalos-personalizados","8":"product_tag-cojin","9":"product_tag-cojin-personalizados","10":"product_tag-personalizados","11":"product_tag-regalos-personalizados","12":"product_tag-sublimacion","13":"desktop-align-left","14":"tablet-align-left","15":"mobile-align-left","17":"first","18":"instock","19":"featured","20":"taxable","21":"shipping-taxable","22":"purchasable","23":"product-type-simple"},"yoast_head":"<!-- This site is optimized with the Yoast SEO plugin v27.0 - https:\/\/yoast.com\/product\/yoast-seo-wordpress\/ -->\n<title>Coj\u00edn Personalizado 40*40 - Bid\u00f3n de 400ml, especial sublimaci\u00f3n<\/title>\n<meta name=\"description\" content=\"Coj\u00edn personalizado a una tinta \u00f3 a todo color, medidas de 40cm por 40cm. Bordados en madrid, Monogramas bordados en madrid.\" \/>\n<meta name=\"robots\" content=\"index, follow, max-snippet:-1, max-image-preview:large, max-video-preview:-1\" \/>\n<link rel=\"canonical\" href=\"https:\/\/www.monogramas.es\/index.php\/producto\/cojin-personalizado\/\" \/>\n<meta property=\"og:locale\" content=\"es_ES\" \/>\n<meta property=\"og:type\" content=\"article\" \/>\n<meta property=\"og:title\" content=\"Coj\u00edn Personalizado 40*40 - Bid\u00f3n de 400ml, especial sublimaci\u00f3n\" \/>\n<meta property=\"og:description\" content=\"Coj\u00edn personalizado a una tinta \u00f3 a todo color, medidas de 40cm por 40cm. Bordados en madrid, Monogramas bordados en madrid.\" \/>\n<meta property=\"og:url\" content=\"https:\/\/www.monogramas.es\/index.php\/producto\/cojin-personalizado\/\" \/>\n<meta property=\"og:site_name\" content=\"Monogramas, bordados y estampados\" \/>\n<meta property=\"article:publisher\" content=\"https:\/\/www.facebook.com\/monogramas.es\/?ref=bookmarks\" \/>\n<meta property=\"article:modified_time\" content=\"2024-09-10T11:21:09+00:00\" \/>\n<meta property=\"og:image\" content=\"https:\/\/www.monogramas.es\/wp-content\/uploads\/2023\/01\/cojin-pagina-scaled.jpg\" \/>\n\t<meta property=\"og:image:width\" content=\"2560\" \/>\n\t<meta property=\"og:image:height\" content=\"2560\" \/>\n\t<meta property=\"og:image:type\" content=\"image\/jpeg\" \/>\n<meta name=\"twitter:card\" content=\"summary_large_image\" \/>\n<meta name=\"twitter:site\" content=\"@Monogramas1\" \/>\n<meta name=\"twitter:label1\" content=\"Tiempo de lectura\" \/>\n\t<meta name=\"twitter:data1\" content=\"1 minuto\" \/>\n<script type=\"application\/ld+json\" class=\"yoast-schema-graph\">{\"@context\":\"https:\/\/schema.org\",\"@graph\":[{\"@type\":\"WebPage\",\"@id\":\"https:\/\/www.monogramas.es\/index.php\/producto\/cojin-personalizado\/\",\"url\":\"https:\/\/www.monogramas.es\/index.php\/producto\/cojin-personalizado\/\",\"name\":\"Coj\u00edn Personalizado 40*40 - Bid\u00f3n de 400ml, especial sublimaci\u00f3n\",\"isPartOf\":{\"@id\":\"https:\/\/www.monogramas.es\/#website\"},\"primaryImageOfPage\":{\"@id\":\"https:\/\/www.monogramas.es\/index.php\/producto\/cojin-personalizado\/#primaryimage\"},\"image\":{\"@id\":\"https:\/\/www.monogramas.es\/index.php\/producto\/cojin-personalizado\/#primaryimage\"},\"thumbnailUrl\":\"https:\/\/www.monogramas.es\/wp-content\/uploads\/2023\/01\/cojin-pagina-scaled.jpg\",\"datePublished\":\"2023-01-10T17:27:35+00:00\",\"dateModified\":\"2024-09-10T11:21:09+00:00\",\"description\":\"Coj\u00edn personalizado a una tinta \u00f3 a todo color, medidas de 40cm por 40cm. Bordados en madrid, Monogramas bordados en madrid.\",\"breadcrumb\":{\"@id\":\"https:\/\/www.monogramas.es\/index.php\/producto\/cojin-personalizado\/#breadcrumb\"},\"inLanguage\":\"es\",\"potentialAction\":[{\"@type\":\"ReadAction\",\"target\":[\"https:\/\/www.monogramas.es\/index.php\/producto\/cojin-personalizado\/\"]}]},{\"@type\":\"ImageObject\",\"inLanguage\":\"es\",\"@id\":\"https:\/\/www.monogramas.es\/index.php\/producto\/cojin-personalizado\/#primaryimage\",\"url\":\"https:\/\/www.monogramas.es\/wp-content\/uploads\/2023\/01\/cojin-pagina-scaled.jpg\",\"contentUrl\":\"https:\/\/www.monogramas.es\/wp-content\/uploads\/2023\/01\/cojin-pagina-scaled.jpg\",\"width\":2560,\"height\":2560,\"caption\":\"coj\u00edn personalizado\"},{\"@type\":\"BreadcrumbList\",\"@id\":\"https:\/\/www.monogramas.es\/index.php\/producto\/cojin-personalizado\/#breadcrumb\",\"itemListElement\":[{\"@type\":\"ListItem\",\"position\":1,\"name\":\"Portada\",\"item\":\"https:\/\/www.monogramas.es\/\"},{\"@type\":\"ListItem\",\"position\":2,\"name\":\"CATALOGO\",\"item\":\"https:\/\/www.monogramas.es\/index.php\/store\/\"},{\"@type\":\"ListItem\",\"position\":3,\"name\":\"Coj\u00edn Personalizado 40*40\"}]},{\"@type\":\"WebSite\",\"@id\":\"https:\/\/www.monogramas.es\/#website\",\"url\":\"https:\/\/www.monogramas.es\/\",\"name\":\"BORDADOS Y ESTAMPADOS\",\"description\":\"Bordados y estampados a tu alcance\",\"publisher\":{\"@id\":\"https:\/\/www.monogramas.es\/#organization\"},\"potentialAction\":[{\"@type\":\"SearchAction\",\"target\":{\"@type\":\"EntryPoint\",\"urlTemplate\":\"https:\/\/www.monogramas.es\/?s={search_term_string}\"},\"query-input\":{\"@type\":\"PropertyValueSpecification\",\"valueRequired\":true,\"valueName\":\"search_term_string\"}}],\"inLanguage\":\"es\"},{\"@type\":\"Organization\",\"@id\":\"https:\/\/www.monogramas.es\/#organization\",\"name\":\"monogramas\",\"url\":\"https:\/\/www.monogramas.es\/\",\"logo\":{\"@type\":\"ImageObject\",\"inLanguage\":\"es\",\"@id\":\"https:\/\/www.monogramas.es\/#\/schema\/logo\/image\/\",\"url\":\"https:\/\/www.monogramas.es\/wp-content\/uploads\/2019\/12\/monogramas-cabecera-pagina-web-final-scaled.png\",\"contentUrl\":\"https:\/\/www.monogramas.es\/wp-content\/uploads\/2019\/12\/monogramas-cabecera-pagina-web-final-scaled.png\",\"width\":2560,\"height\":1315,\"caption\":\"monogramas\"},\"image\":{\"@id\":\"https:\/\/www.monogramas.es\/#\/schema\/logo\/image\/\"},\"sameAs\":[\"https:\/\/www.facebook.com\/monogramas.es\/?ref=bookmarks\",\"https:\/\/x.com\/Monogramas1\",\"https:\/\/www.instagram.com\/monogramas.es\/\",\"https:\/\/www.youtube.com\/channel\/UCFwZuLf27A_ADTt61rTV9Kg\"]}]}<\/script>\n<!-- \/ Yoast SEO plugin. -->","yoast_head_json":{"title":"Coj\u00edn Personalizado 40*40 - Bid\u00f3n de 400ml, especial sublimaci\u00f3n","description":"Coj\u00edn personalizado a una tinta \u00f3 a todo color, medidas de 40cm por 40cm. Bordados en madrid, Monogramas bordados en madrid.","robots":{"index":"index","follow":"follow","max-snippet":"max-snippet:-1","max-image-preview":"max-image-preview:large","max-video-preview":"max-video-preview:-1"},"canonical":"https:\/\/www.monogramas.es\/index.php\/producto\/cojin-personalizado\/","og_locale":"es_ES","og_type":"article","og_title":"Coj\u00edn Personalizado 40*40 - Bid\u00f3n de 400ml, especial sublimaci\u00f3n","og_description":"Coj\u00edn personalizado a una tinta \u00f3 a todo color, medidas de 40cm por 40cm. Bordados en madrid, Monogramas bordados en madrid.","og_url":"https:\/\/www.monogramas.es\/index.php\/producto\/cojin-personalizado\/","og_site_name":"Monogramas, bordados y estampados","article_publisher":"https:\/\/www.facebook.com\/monogramas.es\/?ref=bookmarks","article_modified_time":"2024-09-10T11:21:09+00:00","og_image":[{"width":2560,"height":2560,"url":"https:\/\/www.monogramas.es\/wp-content\/uploads\/2023\/01\/cojin-pagina-scaled.jpg","type":"image\/jpeg"}],"twitter_card":"summary_large_image","twitter_site":"@Monogramas1","twitter_misc":{"Tiempo de lectura":"1 minuto"},"schema":{"@context":"https:\/\/schema.org","@graph":[{"@type":"WebPage","@id":"https:\/\/www.monogramas.es\/index.php\/producto\/cojin-personalizado\/","url":"https:\/\/www.monogramas.es\/index.php\/producto\/cojin-personalizado\/","name":"Coj\u00edn Personalizado 40*40 - Bid\u00f3n de 400ml, especial sublimaci\u00f3n","isPartOf":{"@id":"https:\/\/www.monogramas.es\/#website"},"primaryImageOfPage":{"@id":"https:\/\/www.monogramas.es\/index.php\/producto\/cojin-personalizado\/#primaryimage"},"image":{"@id":"https:\/\/www.monogramas.es\/index.php\/producto\/cojin-personalizado\/#primaryimage"},"thumbnailUrl":"https:\/\/www.monogramas.es\/wp-content\/uploads\/2023\/01\/cojin-pagina-scaled.jpg","datePublished":"2023-01-10T17:27:35+00:00","dateModified":"2024-09-10T11:21:09+00:00","description":"Coj\u00edn personalizado a una tinta \u00f3 a todo color, medidas de 40cm por 40cm. Bordados en madrid, Monogramas bordados en madrid.","breadcrumb":{"@id":"https:\/\/www.monogramas.es\/index.php\/producto\/cojin-personalizado\/#breadcrumb"},"inLanguage":"es","potentialAction":[{"@type":"ReadAction","target":["https:\/\/www.monogramas.es\/index.php\/producto\/cojin-personalizado\/"]}]},{"@type":"ImageObject","inLanguage":"es","@id":"https:\/\/www.monogramas.es\/index.php\/producto\/cojin-personalizado\/#primaryimage","url":"https:\/\/www.monogramas.es\/wp-content\/uploads\/2023\/01\/cojin-pagina-scaled.jpg","contentUrl":"https:\/\/www.monogramas.es\/wp-content\/uploads\/2023\/01\/cojin-pagina-scaled.jpg","width":2560,"height":2560,"caption":"coj\u00edn personalizado"},{"@type":"BreadcrumbList","@id":"https:\/\/www.monogramas.es\/index.php\/producto\/cojin-personalizado\/#breadcrumb","itemListElement":[{"@type":"ListItem","position":1,"name":"Portada","item":"https:\/\/www.monogramas.es\/"},{"@type":"ListItem","position":2,"name":"CATALOGO","item":"https:\/\/www.monogramas.es\/index.php\/store\/"},{"@type":"ListItem","position":3,"name":"Coj\u00edn Personalizado 40*40"}]},{"@type":"WebSite","@id":"https:\/\/www.monogramas.es\/#website","url":"https:\/\/www.monogramas.es\/","name":"BORDADOS Y ESTAMPADOS","description":"Bordados y estampados a tu alcance","publisher":{"@id":"https:\/\/www.monogramas.es\/#organization"},"potentialAction":[{"@type":"SearchAction","target":{"@type":"EntryPoint","urlTemplate":"https:\/\/www.monogramas.es\/?s={search_term_string}"},"query-input":{"@type":"PropertyValueSpecification","valueRequired":true,"valueName":"search_term_string"}}],"inLanguage":"es"},{"@type":"Organization","@id":"https:\/\/www.monogramas.es\/#organization","name":"monogramas","url":"https:\/\/www.monogramas.es\/","logo":{"@type":"ImageObject","inLanguage":"es","@id":"https:\/\/www.monogramas.es\/#\/schema\/logo\/image\/","url":"https:\/\/www.monogramas.es\/wp-content\/uploads\/2019\/12\/monogramas-cabecera-pagina-web-final-scaled.png","contentUrl":"https:\/\/www.monogramas.es\/wp-content\/uploads\/2019\/12\/monogramas-cabecera-pagina-web-final-scaled.png","width":2560,"height":1315,"caption":"monogramas"},"image":{"@id":"https:\/\/www.monogramas.es\/#\/schema\/logo\/image\/"},"sameAs":["https:\/\/www.facebook.com\/monogramas.es\/?ref=bookmarks","https:\/\/x.com\/Monogramas1","https:\/\/www.instagram.com\/monogramas.es\/","https:\/\/www.youtube.com\/channel\/UCFwZuLf27A_ADTt61rTV9Kg"]}]}},"_links":{"self":[{"href":"https:\/\/www.monogramas.es\/index.php\/wp-json\/wp\/v2\/product\/5089","targetHints":{"allow":["GET"]}}],"collection":[{"href":"https:\/\/www.monogramas.es\/index.php\/wp-json\/wp\/v2\/product"}],"about":[{"href":"https:\/\/www.monogramas.es\/index.php\/wp-json\/wp\/v2\/types\/product"}],"replies":[{"embeddable":true,"href":"https:\/\/www.monogramas.es\/index.php\/wp-json\/wp\/v2\/comments?post=5089"}],"version-history":[{"count":3,"href":"https:\/\/www.monogramas.es\/index.php\/wp-json\/wp\/v2\/product\/5089\/revisions"}],"predecessor-version":[{"id":5095,"href":"https:\/\/www.monogramas.es\/index.php\/wp-json\/wp\/v2\/product\/5089\/revisions\/5095"}],"wp:featuredmedia":[{"embeddable":true,"href":"https:\/\/www.monogramas.es\/index.php\/wp-json\/wp\/v2\/media\/5090"}],"wp:attachment":[{"href":"https:\/\/www.monogramas.es\/index.php\/wp-json\/wp\/v2\/media?parent=5089"}],"wp:term":[{"taxonomy":"product_brand","embeddable":true,"href":"https:\/\/www.monogramas.es\/index.php\/wp-json\/wp\/v2\/product_brand?post=5089"},{"taxonomy":"product_cat","embeddable":true,"href":"https:\/\/www.monogramas.es\/index.php\/wp-json\/wp\/v2\/product_cat?post=5089"},{"taxonomy":"product_tag","embeddable":true,"href":"https:\/\/www.monogramas.es\/index.php\/wp-json\/wp\/v2\/product_tag?post=5089"}],"curies":[{"name":"wp","href":"https:\/\/api.w.org\/{rel}","templated":true}]}}