{"id":921,"date":"2017-12-18T06:11:48","date_gmt":"2017-12-18T05:11:48","guid":{"rendered":"https:\/\/websitedemos.net\/brandstore-04\/?post_type=product&#038;p=79"},"modified":"2022-01-22T10:26:39","modified_gmt":"2022-01-22T09:26:39","slug":"lemon-bag","status":"publish","type":"product","link":"https:\/\/www.monogramas.es\/index.php\/producto\/lemon-bag\/","title":{"rendered":"Pa\u00f1uelo de fiesta de poliester"},"content":{"rendered":"<h6><strong><span class=\"subtitleDetails\">Descripci\u00f3n <\/span><\/strong><span id=\"MainContent_vDescription\">Pa\u00f1uelo de forma triangular, usado como accesorio en la indumentaria tanto masculina como femenina.<br \/>\n<strong>Medidas:\u00a0<\/strong><br \/>\n100 x 50 cm (ancho x alto).<br \/>\n100 x 70 x 70cm (per\u00edmetro).<\/span>\u00a0<span id=\"MainContent_vDescriptionSEO\"><br \/>\nEl complemento perfecto para tu cuello. JARANERO es un pa\u00f1uelo de forma triangular disponible en diferentes colores para que lo combines como prefieras, \u00a1y que no pare la fiesta!<\/span><\/h6>\n<h6><strong><span class=\"subtitleDetails\">Composici\u00f3n <\/span><\/strong><span style=\"font-size: 14.4px;\">100% poli\u00e9ster, tacto algod\u00f3n, 65 g\/m\u00b2 .<\/span><\/h6>\n<div id=\"MainContent_div1\" class=\"col-md-12 no-padding\">\n<h6><strong style=\"font-size: 14.4px; font-style: normal;\">S\u00f3lo venta por Pack<\/strong><\/h6>\n<h6 class=\"col-md-6 no-padding\"><strong><span class=\"subtitleDetails\">Packaging <\/span><\/strong><span id=\"MainContent_Label4\" style=\"font-size: 14.4px;\">Pack<\/span><span style=\"font-size: 14.4px;\">\u00a0<\/span><span id=\"MainContent_vUnitsPack\" style=\"font-size: 14.4px;\">100<\/span><span style=\"font-size: 14.4px;\">\u00a0<\/span><span id=\"MainContent_Label1\" style=\"font-size: 14.4px;\">unidades<\/span><\/h6>\n<\/div>\n<!-- AddThis Advanced Settings generic via filter on the_content --><!-- AddThis Share Buttons generic via filter on the_content -->","protected":false},"excerpt":{"rendered":"<h6><strong><span class=\"subtitleDetails\">Descripci\u00f3n <\/span><\/strong><span id=\"MainContent_vDescription\">Pa\u00f1uelo de forma triangular, usado como accesorio en la indumentaria tanto masculina como femenina.<br \/>\n<strong>Medidas:\u00a0<\/strong><br \/>\n100 x 50 cm (ancho x alto).<br \/>\n100 x 70 x 70cm (per\u00edmetro).<\/span>\u00a0<span id=\"MainContent_vDescriptionSEO\"><br \/>\nEl complemento perfecto para tu cuello. JARANERO es un pa\u00f1uelo de forma triangular disponible en diferentes colores para que lo combines como prefieras, \u00a1y que no pare la fiesta!<\/span><\/h6>\n<h6><strong><span class=\"subtitleDetails\">Composici\u00f3n <\/span><\/strong><span style=\"font-size: 14.4px;\">100% poli\u00e9ster, tacto algod\u00f3n, 65 g\/m\u00b2 .<\/span><\/h6>\n<div id=\"MainContent_div1\" class=\"col-md-12 no-padding\">\n<h6><strong style=\"font-size: 14.4px; font-style: normal;\">S\u00f3lo venta por Pack<\/strong><\/h6>\n<h6 class=\"col-md-6 no-padding\"><strong><span class=\"subtitleDetails\">Packaging <\/span><\/strong><span id=\"MainContent_Label4\" style=\"font-size: 14.4px;\">Pack<\/span><span style=\"font-size: 14.4px;\">\u00a0<\/span><span id=\"MainContent_vUnitsPack\" style=\"font-size: 14.4px;\">100<\/span><span style=\"font-size: 14.4px;\">\u00a0<\/span><span id=\"MainContent_Label1\" style=\"font-size: 14.4px;\">unidades<\/span><\/h6>\n<\/div>\n<p><!-- AddThis Advanced Settings generic via filter on get_the_excerpt --><!-- AddThis Share Buttons generic via filter on get_the_excerpt --><\/p>\n","protected":false},"featured_media":1203,"comment_status":"closed","ping_status":"closed","template":"","meta":{"site-sidebar-layout":"default","site-content-layout":"default","ast-site-content-layout":"default","site-content-style":"default","site-sidebar-style":"default","ast-global-header-display":"","ast-banner-title-visibility":"","ast-main-header-display":"","ast-hfb-above-header-display":"","ast-hfb-below-header-display":"","ast-hfb-mobile-header-display":"","site-post-title":"","ast-breadcrumbs-content":"","ast-featured-img":"","footer-sml-layout":"","ast-disable-related-posts":"","theme-transparent-header-meta":"default","adv-header-id-meta":"","stick-header-meta":"default","header-above-stick-meta":"","header-main-stick-meta":"","header-below-stick-meta":"","astra-migrate-meta-layouts":"default","ast-page-background-enabled":"default","ast-page-background-meta":{"desktop":{"background-color":"","background-image":"","background-repeat":"repeat","background-position":"center center","background-size":"auto","background-attachment":"scroll","background-type":"","background-media":"","overlay-type":"","overlay-color":"","overlay-opacity":"","overlay-gradient":""},"tablet":{"background-color":"","background-image":"","background-repeat":"repeat","background-position":"center center","background-size":"auto","background-attachment":"scroll","background-type":"","background-media":"","overlay-type":"","overlay-color":"","overlay-opacity":"","overlay-gradient":""},"mobile":{"background-color":"","background-image":"","background-repeat":"repeat","background-position":"center center","background-size":"auto","background-attachment":"scroll","background-type":"","background-media":"","overlay-type":"","overlay-color":"","overlay-opacity":"","overlay-gradient":""}},"ast-content-background-meta":{"desktop":{"background-color":"var(--ast-global-color-5)","background-image":"","background-repeat":"repeat","background-position":"center center","background-size":"auto","background-attachment":"scroll","background-type":"","background-media":"","overlay-type":"","overlay-color":"","overlay-opacity":"","overlay-gradient":""},"tablet":{"background-color":"var(--ast-global-color-5)","background-image":"","background-repeat":"repeat","background-position":"center center","background-size":"auto","background-attachment":"scroll","background-type":"","background-media":"","overlay-type":"","overlay-color":"","overlay-opacity":"","overlay-gradient":""},"mobile":{"background-color":"var(--ast-global-color-5)","background-image":"","background-repeat":"repeat","background-position":"center center","background-size":"auto","background-attachment":"scroll","background-type":"","background-media":"","overlay-type":"","overlay-color":"","overlay-opacity":"","overlay-gradient":""}}},"product_brand":[],"product_cat":[16],"product_tag":[325],"class_list":{"0":"post-921","1":"product","2":"type-product","3":"status-publish","4":"has-post-thumbnail","6":"product_cat-accesorios","7":"product_tag-panuelos","8":"desktop-align-left","9":"tablet-align-left","10":"mobile-align-left","12":"first","13":"instock","14":"featured","15":"taxable","16":"shipping-taxable","17":"purchasable","18":"product-type-variable","19":"has-default-attributes","20":"rtwpvs-product"},"yoast_head":"<!-- This site is optimized with the Yoast SEO plugin v27.0 - https:\/\/yoast.com\/product\/yoast-seo-wordpress\/ -->\n<title>Pa\u00f1uelo de fiesta de poliester - Monogramas, bordados y estampados Monogramas<\/title>\n<meta name=\"robots\" content=\"index, follow, max-snippet:-1, max-image-preview:large, max-video-preview:-1\" \/>\n<link rel=\"canonical\" href=\"https:\/\/www.monogramas.es\/index.php\/producto\/lemon-bag\/\" \/>\n<meta property=\"og:locale\" content=\"es_ES\" \/>\n<meta property=\"og:type\" content=\"article\" \/>\n<meta property=\"og:title\" content=\"Pa\u00f1uelo de fiesta de poliester - Monogramas, bordados y estampados Monogramas\" \/>\n<meta property=\"og:description\" content=\"Descripci\u00f3n Pa\u00f1uelo de forma triangular, usado como accesorio en la indumentaria tanto masculina como femenina. Medidas:\u00a0 100 x 50 cm (ancho x alto). 100 x 70 x 70cm (per\u00edmetro).\u00a0 El complemento perfecto para tu cuello. JARANERO es un pa\u00f1uelo de forma triangular disponible en diferentes colores para que lo combines como prefieras, \u00a1y que no pare la fiesta! Composici\u00f3n 100% poli\u00e9ster, tacto algod\u00f3n, 65 g\/m\u00b2 .  S\u00f3lo venta por Pack Packaging Pack\u00a0100\u00a0unidades\" \/>\n<meta property=\"og:url\" content=\"https:\/\/www.monogramas.es\/index.php\/producto\/lemon-bag\/\" \/>\n<meta property=\"og:site_name\" content=\"Monogramas, bordados y estampados\" \/>\n<meta property=\"article:publisher\" content=\"https:\/\/www.facebook.com\/monogramas.es\/?ref=bookmarks\" \/>\n<meta property=\"article:modified_time\" content=\"2022-01-22T09:26:39+00:00\" \/>\n<meta property=\"og:image\" content=\"https:\/\/www.monogramas.es\/wp-content\/uploads\/2017\/12\/9006_60_1_1.jpg\" \/>\n\t<meta property=\"og:image:width\" content=\"460\" \/>\n\t<meta property=\"og:image:height\" content=\"460\" \/>\n\t<meta property=\"og:image:type\" content=\"image\/jpeg\" \/>\n<meta name=\"twitter:card\" content=\"summary_large_image\" \/>\n<meta name=\"twitter:site\" content=\"@Monogramas1\" \/>\n<meta name=\"twitter:label1\" content=\"Tiempo de lectura\" \/>\n\t<meta name=\"twitter:data1\" content=\"1 minuto\" \/>\n<script type=\"application\/ld+json\" class=\"yoast-schema-graph\">{\"@context\":\"https:\/\/schema.org\",\"@graph\":[{\"@type\":\"WebPage\",\"@id\":\"https:\/\/www.monogramas.es\/index.php\/producto\/lemon-bag\/\",\"url\":\"https:\/\/www.monogramas.es\/index.php\/producto\/lemon-bag\/\",\"name\":\"Pa\u00f1uelo de fiesta de poliester - Monogramas, bordados y estampados Monogramas\",\"isPartOf\":{\"@id\":\"https:\/\/www.monogramas.es\/#website\"},\"primaryImageOfPage\":{\"@id\":\"https:\/\/www.monogramas.es\/index.php\/producto\/lemon-bag\/#primaryimage\"},\"image\":{\"@id\":\"https:\/\/www.monogramas.es\/index.php\/producto\/lemon-bag\/#primaryimage\"},\"thumbnailUrl\":\"https:\/\/www.monogramas.es\/wp-content\/uploads\/2017\/12\/9006_60_1_1.jpg\",\"datePublished\":\"2017-12-18T05:11:48+00:00\",\"dateModified\":\"2022-01-22T09:26:39+00:00\",\"breadcrumb\":{\"@id\":\"https:\/\/www.monogramas.es\/index.php\/producto\/lemon-bag\/#breadcrumb\"},\"inLanguage\":\"es\",\"potentialAction\":[{\"@type\":\"ReadAction\",\"target\":[\"https:\/\/www.monogramas.es\/index.php\/producto\/lemon-bag\/\"]}]},{\"@type\":\"ImageObject\",\"inLanguage\":\"es\",\"@id\":\"https:\/\/www.monogramas.es\/index.php\/producto\/lemon-bag\/#primaryimage\",\"url\":\"https:\/\/www.monogramas.es\/wp-content\/uploads\/2017\/12\/9006_60_1_1.jpg\",\"contentUrl\":\"https:\/\/www.monogramas.es\/wp-content\/uploads\/2017\/12\/9006_60_1_1.jpg\",\"width\":460,\"height\":460},{\"@type\":\"BreadcrumbList\",\"@id\":\"https:\/\/www.monogramas.es\/index.php\/producto\/lemon-bag\/#breadcrumb\",\"itemListElement\":[{\"@type\":\"ListItem\",\"position\":1,\"name\":\"Portada\",\"item\":\"https:\/\/www.monogramas.es\/\"},{\"@type\":\"ListItem\",\"position\":2,\"name\":\"CATALOGO\",\"item\":\"https:\/\/www.monogramas.es\/index.php\/store\/\"},{\"@type\":\"ListItem\",\"position\":3,\"name\":\"Pa\u00f1uelo de fiesta de poliester\"}]},{\"@type\":\"WebSite\",\"@id\":\"https:\/\/www.monogramas.es\/#website\",\"url\":\"https:\/\/www.monogramas.es\/\",\"name\":\"BORDADOS Y ESTAMPADOS\",\"description\":\"Bordados y estampados a tu alcance\",\"publisher\":{\"@id\":\"https:\/\/www.monogramas.es\/#organization\"},\"potentialAction\":[{\"@type\":\"SearchAction\",\"target\":{\"@type\":\"EntryPoint\",\"urlTemplate\":\"https:\/\/www.monogramas.es\/?s={search_term_string}\"},\"query-input\":{\"@type\":\"PropertyValueSpecification\",\"valueRequired\":true,\"valueName\":\"search_term_string\"}}],\"inLanguage\":\"es\"},{\"@type\":\"Organization\",\"@id\":\"https:\/\/www.monogramas.es\/#organization\",\"name\":\"monogramas\",\"url\":\"https:\/\/www.monogramas.es\/\",\"logo\":{\"@type\":\"ImageObject\",\"inLanguage\":\"es\",\"@id\":\"https:\/\/www.monogramas.es\/#\/schema\/logo\/image\/\",\"url\":\"https:\/\/www.monogramas.es\/wp-content\/uploads\/2019\/12\/monogramas-cabecera-pagina-web-final-scaled.png\",\"contentUrl\":\"https:\/\/www.monogramas.es\/wp-content\/uploads\/2019\/12\/monogramas-cabecera-pagina-web-final-scaled.png\",\"width\":2560,\"height\":1315,\"caption\":\"monogramas\"},\"image\":{\"@id\":\"https:\/\/www.monogramas.es\/#\/schema\/logo\/image\/\"},\"sameAs\":[\"https:\/\/www.facebook.com\/monogramas.es\/?ref=bookmarks\",\"https:\/\/x.com\/Monogramas1\",\"https:\/\/www.instagram.com\/monogramas.es\/\",\"https:\/\/www.youtube.com\/channel\/UCFwZuLf27A_ADTt61rTV9Kg\"]}]}<\/script>\n<!-- \/ Yoast SEO plugin. -->","yoast_head_json":{"title":"Pa\u00f1uelo de fiesta de poliester - Monogramas, bordados y estampados Monogramas","robots":{"index":"index","follow":"follow","max-snippet":"max-snippet:-1","max-image-preview":"max-image-preview:large","max-video-preview":"max-video-preview:-1"},"canonical":"https:\/\/www.monogramas.es\/index.php\/producto\/lemon-bag\/","og_locale":"es_ES","og_type":"article","og_title":"Pa\u00f1uelo de fiesta de poliester - Monogramas, bordados y estampados Monogramas","og_description":"Descripci\u00f3n Pa\u00f1uelo de forma triangular, usado como accesorio en la indumentaria tanto masculina como femenina. Medidas:\u00a0 100 x 50 cm (ancho x alto). 100 x 70 x 70cm (per\u00edmetro).\u00a0 El complemento perfecto para tu cuello. JARANERO es un pa\u00f1uelo de forma triangular disponible en diferentes colores para que lo combines como prefieras, \u00a1y que no pare la fiesta! Composici\u00f3n 100% poli\u00e9ster, tacto algod\u00f3n, 65 g\/m\u00b2 .  S\u00f3lo venta por Pack Packaging Pack\u00a0100\u00a0unidades","og_url":"https:\/\/www.monogramas.es\/index.php\/producto\/lemon-bag\/","og_site_name":"Monogramas, bordados y estampados","article_publisher":"https:\/\/www.facebook.com\/monogramas.es\/?ref=bookmarks","article_modified_time":"2022-01-22T09:26:39+00:00","og_image":[{"width":460,"height":460,"url":"https:\/\/www.monogramas.es\/wp-content\/uploads\/2017\/12\/9006_60_1_1.jpg","type":"image\/jpeg"}],"twitter_card":"summary_large_image","twitter_site":"@Monogramas1","twitter_misc":{"Tiempo de lectura":"1 minuto"},"schema":{"@context":"https:\/\/schema.org","@graph":[{"@type":"WebPage","@id":"https:\/\/www.monogramas.es\/index.php\/producto\/lemon-bag\/","url":"https:\/\/www.monogramas.es\/index.php\/producto\/lemon-bag\/","name":"Pa\u00f1uelo de fiesta de poliester - Monogramas, bordados y estampados Monogramas","isPartOf":{"@id":"https:\/\/www.monogramas.es\/#website"},"primaryImageOfPage":{"@id":"https:\/\/www.monogramas.es\/index.php\/producto\/lemon-bag\/#primaryimage"},"image":{"@id":"https:\/\/www.monogramas.es\/index.php\/producto\/lemon-bag\/#primaryimage"},"thumbnailUrl":"https:\/\/www.monogramas.es\/wp-content\/uploads\/2017\/12\/9006_60_1_1.jpg","datePublished":"2017-12-18T05:11:48+00:00","dateModified":"2022-01-22T09:26:39+00:00","breadcrumb":{"@id":"https:\/\/www.monogramas.es\/index.php\/producto\/lemon-bag\/#breadcrumb"},"inLanguage":"es","potentialAction":[{"@type":"ReadAction","target":["https:\/\/www.monogramas.es\/index.php\/producto\/lemon-bag\/"]}]},{"@type":"ImageObject","inLanguage":"es","@id":"https:\/\/www.monogramas.es\/index.php\/producto\/lemon-bag\/#primaryimage","url":"https:\/\/www.monogramas.es\/wp-content\/uploads\/2017\/12\/9006_60_1_1.jpg","contentUrl":"https:\/\/www.monogramas.es\/wp-content\/uploads\/2017\/12\/9006_60_1_1.jpg","width":460,"height":460},{"@type":"BreadcrumbList","@id":"https:\/\/www.monogramas.es\/index.php\/producto\/lemon-bag\/#breadcrumb","itemListElement":[{"@type":"ListItem","position":1,"name":"Portada","item":"https:\/\/www.monogramas.es\/"},{"@type":"ListItem","position":2,"name":"CATALOGO","item":"https:\/\/www.monogramas.es\/index.php\/store\/"},{"@type":"ListItem","position":3,"name":"Pa\u00f1uelo de fiesta de poliester"}]},{"@type":"WebSite","@id":"https:\/\/www.monogramas.es\/#website","url":"https:\/\/www.monogramas.es\/","name":"BORDADOS Y ESTAMPADOS","description":"Bordados y estampados a tu alcance","publisher":{"@id":"https:\/\/www.monogramas.es\/#organization"},"potentialAction":[{"@type":"SearchAction","target":{"@type":"EntryPoint","urlTemplate":"https:\/\/www.monogramas.es\/?s={search_term_string}"},"query-input":{"@type":"PropertyValueSpecification","valueRequired":true,"valueName":"search_term_string"}}],"inLanguage":"es"},{"@type":"Organization","@id":"https:\/\/www.monogramas.es\/#organization","name":"monogramas","url":"https:\/\/www.monogramas.es\/","logo":{"@type":"ImageObject","inLanguage":"es","@id":"https:\/\/www.monogramas.es\/#\/schema\/logo\/image\/","url":"https:\/\/www.monogramas.es\/wp-content\/uploads\/2019\/12\/monogramas-cabecera-pagina-web-final-scaled.png","contentUrl":"https:\/\/www.monogramas.es\/wp-content\/uploads\/2019\/12\/monogramas-cabecera-pagina-web-final-scaled.png","width":2560,"height":1315,"caption":"monogramas"},"image":{"@id":"https:\/\/www.monogramas.es\/#\/schema\/logo\/image\/"},"sameAs":["https:\/\/www.facebook.com\/monogramas.es\/?ref=bookmarks","https:\/\/x.com\/Monogramas1","https:\/\/www.instagram.com\/monogramas.es\/","https:\/\/www.youtube.com\/channel\/UCFwZuLf27A_ADTt61rTV9Kg"]}]}},"_links":{"self":[{"href":"https:\/\/www.monogramas.es\/index.php\/wp-json\/wp\/v2\/product\/921","targetHints":{"allow":["GET"]}}],"collection":[{"href":"https:\/\/www.monogramas.es\/index.php\/wp-json\/wp\/v2\/product"}],"about":[{"href":"https:\/\/www.monogramas.es\/index.php\/wp-json\/wp\/v2\/types\/product"}],"replies":[{"embeddable":true,"href":"https:\/\/www.monogramas.es\/index.php\/wp-json\/wp\/v2\/comments?post=921"}],"version-history":[{"count":8,"href":"https:\/\/www.monogramas.es\/index.php\/wp-json\/wp\/v2\/product\/921\/revisions"}],"predecessor-version":[{"id":4279,"href":"https:\/\/www.monogramas.es\/index.php\/wp-json\/wp\/v2\/product\/921\/revisions\/4279"}],"wp:featuredmedia":[{"embeddable":true,"href":"https:\/\/www.monogramas.es\/index.php\/wp-json\/wp\/v2\/media\/1203"}],"wp:attachment":[{"href":"https:\/\/www.monogramas.es\/index.php\/wp-json\/wp\/v2\/media?parent=921"}],"wp:term":[{"taxonomy":"product_brand","embeddable":true,"href":"https:\/\/www.monogramas.es\/index.php\/wp-json\/wp\/v2\/product_brand?post=921"},{"taxonomy":"product_cat","embeddable":true,"href":"https:\/\/www.monogramas.es\/index.php\/wp-json\/wp\/v2\/product_cat?post=921"},{"taxonomy":"product_tag","embeddable":true,"href":"https:\/\/www.monogramas.es\/index.php\/wp-json\/wp\/v2\/product_tag?post=921"}],"curies":[{"name":"wp","href":"https:\/\/api.w.org\/{rel}","templated":true}]}}