{"id":943,"date":"2017-12-19T14:41:04","date_gmt":"2017-12-19T14:41:04","guid":{"rendered":"https:\/\/websitedemos.net\/brandstore-04\/?post_type=product&#038;p=307"},"modified":"2022-01-22T10:27:30","modified_gmt":"2022-01-22T09:27:30","slug":"camiseta","status":"publish","type":"product","link":"https:\/\/www.monogramas.es\/index.php\/producto\/camiseta\/","title":{"rendered":"CAMISETA MANGA CORTA"},"content":{"rendered":"<!-- AddThis Advanced Settings generic via filter on the_content --><!-- AddThis Share Buttons generic via filter on the_content -->","protected":false},"excerpt":{"rendered":"<p><strong><span class=\"subtitleDetails\">Descripci\u00f3n <\/span><\/strong><span id=\"MainContent_vDescription\">Camiseta de manga corta especial para beb\u00e9, confeccionada con tejido en galga fina y acabado compactado. Cuello redondo y apertura en el hombro con corchetes desde la talla 6m a 18m. Talla 2A sin apertura en el hombro. Costuras laterales.<br \/>\n<\/span><span id=\"MainContent_vDescriptionSEO\">Los m\u00e1s peques tambi\u00e9n merecen ir a la \u00faltima. La camiseta de manga corta Baby viene confeccionada con tejito en galga fina y acabado compactado, lo mejor para su piel. Adem\u00e1s, cuenta con una abertura en el hombro con corchetes.<\/span><\/p>\n<div id=\"MainContent_divCompo\"><strong><span class=\"subtitleDetails\">Composici\u00f3n <\/span><\/strong><span style=\"font-size: 14.4px;\">100% algod\u00f3n peinado, punto liso, 160 g\/m\u00b2.<\/span><\/div>\n<div id=\"MainContent_divObserv\"><strong><span style=\"font-size: 14.4px;\">Packaging <\/span><\/strong><span id=\"MainContent_Label4\" style=\"font-size: 14.4px;\">Pack<\/span><span style=\"font-size: 14.4px;\">\u00a0<\/span><span id=\"MainContent_vUnitsPack\" style=\"font-size: 14.4px;\">5<\/span><span style=\"font-size: 14.4px;\">\u00a0<\/span><span id=\"MainContent_Label1\" style=\"font-size: 14.4px;\">unidades<\/span><span style=\"font-size: 14.4px;\">\u00a0,\u00a0<\/span><span id=\"MainContent_Label5\" style=\"font-size: 14.4px;\">Caja<\/span><span style=\"font-size: 14.4px;\">\u00a0<\/span><span id=\"MainContent_vUnitsBox\" style=\"font-size: 14.4px;\">100<\/span><span style=\"font-size: 14.4px;\">\u00a0<\/span><span id=\"MainContent_Label2\" style=\"font-size: 14.4px;\">unidades<\/span><\/div>\n<p><span id=\"MainContent_vDescription\"><br \/>\n<\/span><span id=\"MainContent_vDescriptionSEO\"><\/span><span id=\"MainContent_Label2\"><\/span><!-- AddThis Advanced Settings generic via filter on get_the_excerpt --><!-- AddThis Share Buttons generic via filter on get_the_excerpt --><\/p>\n","protected":false},"featured_media":313,"comment_status":"closed","ping_status":"closed","template":"","meta":{"site-sidebar-layout":"default","site-content-layout":"default","ast-site-content-layout":"default","site-content-style":"default","site-sidebar-style":"default","ast-global-header-display":"","ast-banner-title-visibility":"","ast-main-header-display":"","ast-hfb-above-header-display":"","ast-hfb-below-header-display":"","ast-hfb-mobile-header-display":"","site-post-title":"","ast-breadcrumbs-content":"","ast-featured-img":"","footer-sml-layout":"","ast-disable-related-posts":"","theme-transparent-header-meta":"default","adv-header-id-meta":"","stick-header-meta":"default","header-above-stick-meta":"","header-main-stick-meta":"","header-below-stick-meta":"","astra-migrate-meta-layouts":"default","ast-page-background-enabled":"default","ast-page-background-meta":{"desktop":{"background-color":"","background-image":"","background-repeat":"repeat","background-position":"center center","background-size":"auto","background-attachment":"scroll","background-type":"","background-media":"","overlay-type":"","overlay-color":"","overlay-opacity":"","overlay-gradient":""},"tablet":{"background-color":"","background-image":"","background-repeat":"repeat","background-position":"center center","background-size":"auto","background-attachment":"scroll","background-type":"","background-media":"","overlay-type":"","overlay-color":"","overlay-opacity":"","overlay-gradient":""},"mobile":{"background-color":"","background-image":"","background-repeat":"repeat","background-position":"center center","background-size":"auto","background-attachment":"scroll","background-type":"","background-media":"","overlay-type":"","overlay-color":"","overlay-opacity":"","overlay-gradient":""}},"ast-content-background-meta":{"desktop":{"background-color":"var(--ast-global-color-5)","background-image":"","background-repeat":"repeat","background-position":"center center","background-size":"auto","background-attachment":"scroll","background-type":"","background-media":"","overlay-type":"","overlay-color":"","overlay-opacity":"","overlay-gradient":""},"tablet":{"background-color":"var(--ast-global-color-5)","background-image":"","background-repeat":"repeat","background-position":"center center","background-size":"auto","background-attachment":"scroll","background-type":"","background-media":"","overlay-type":"","overlay-color":"","overlay-opacity":"","overlay-gradient":""},"mobile":{"background-color":"var(--ast-global-color-5)","background-image":"","background-repeat":"repeat","background-position":"center center","background-size":"auto","background-attachment":"scroll","background-type":"","background-media":"","overlay-type":"","overlay-color":"","overlay-opacity":"","overlay-gradient":""}}},"product_brand":[],"product_cat":[77],"product_tag":[],"class_list":{"0":"post-943","1":"product","2":"type-product","3":"status-publish","4":"has-post-thumbnail","6":"product_cat-ropa-de-bebe","7":"desktop-align-left","8":"tablet-align-left","9":"mobile-align-left","11":"first","12":"instock","13":"featured","14":"taxable","15":"shipping-taxable","16":"purchasable","17":"product-type-variable","18":"has-default-attributes","19":"rtwpvs-product"},"yoast_head":"<!-- This site is optimized with the Yoast SEO plugin v27.0 - https:\/\/yoast.com\/product\/yoast-seo-wordpress\/ -->\n<title>CAMISETAS BORDADOS ROLY ESTAMPADOS DTG<\/title>\n<meta name=\"robots\" content=\"index, follow, max-snippet:-1, max-image-preview:large, max-video-preview:-1\" \/>\n<link rel=\"canonical\" href=\"https:\/\/www.monogramas.es\/index.php\/producto\/camiseta\/\" \/>\n<meta property=\"og:locale\" content=\"es_ES\" \/>\n<meta property=\"og:type\" content=\"article\" \/>\n<meta property=\"og:title\" content=\"CAMISETAS BORDADOS ROLY ESTAMPADOS DTG\" \/>\n<meta property=\"og:url\" content=\"https:\/\/www.monogramas.es\/index.php\/producto\/camiseta\/\" \/>\n<meta property=\"og:site_name\" content=\"Monogramas, bordados y estampados\" \/>\n<meta property=\"article:publisher\" content=\"https:\/\/www.facebook.com\/monogramas.es\/?ref=bookmarks\" \/>\n<meta property=\"article:modified_time\" content=\"2022-01-22T09:27:30+00:00\" \/>\n<meta property=\"og:image\" content=\"https:\/\/www.monogramas.es\/wp-content\/uploads\/2019\/08\/6564_10_1_2.jpg\" \/>\n\t<meta property=\"og:image:width\" content=\"1\" \/>\n\t<meta property=\"og:image:height\" content=\"1\" \/>\n\t<meta property=\"og:image:type\" content=\"image\/jpeg\" \/>\n<meta name=\"twitter:card\" content=\"summary_large_image\" \/>\n<meta name=\"twitter:site\" content=\"@Monogramas1\" \/>\n<script type=\"application\/ld+json\" class=\"yoast-schema-graph\">{\"@context\":\"https:\/\/schema.org\",\"@graph\":[{\"@type\":\"WebPage\",\"@id\":\"https:\/\/www.monogramas.es\/index.php\/producto\/camiseta\/\",\"url\":\"https:\/\/www.monogramas.es\/index.php\/producto\/camiseta\/\",\"name\":\"CAMISETAS BORDADOS ROLY ESTAMPADOS DTG\",\"isPartOf\":{\"@id\":\"https:\/\/www.monogramas.es\/#website\"},\"primaryImageOfPage\":{\"@id\":\"https:\/\/www.monogramas.es\/index.php\/producto\/camiseta\/#primaryimage\"},\"image\":{\"@id\":\"https:\/\/www.monogramas.es\/index.php\/producto\/camiseta\/#primaryimage\"},\"thumbnailUrl\":\"https:\/\/www.monogramas.es\/wp-content\/uploads\/2019\/08\/6564_10_1_2.jpg\",\"datePublished\":\"2017-12-19T14:41:04+00:00\",\"dateModified\":\"2022-01-22T09:27:30+00:00\",\"breadcrumb\":{\"@id\":\"https:\/\/www.monogramas.es\/index.php\/producto\/camiseta\/#breadcrumb\"},\"inLanguage\":\"es\",\"potentialAction\":[{\"@type\":\"ReadAction\",\"target\":[\"https:\/\/www.monogramas.es\/index.php\/producto\/camiseta\/\"]}]},{\"@type\":\"ImageObject\",\"inLanguage\":\"es\",\"@id\":\"https:\/\/www.monogramas.es\/index.php\/producto\/camiseta\/#primaryimage\",\"url\":\"https:\/\/www.monogramas.es\/wp-content\/uploads\/2019\/08\/6564_10_1_2.jpg\",\"contentUrl\":\"https:\/\/www.monogramas.es\/wp-content\/uploads\/2019\/08\/6564_10_1_2.jpg\"},{\"@type\":\"BreadcrumbList\",\"@id\":\"https:\/\/www.monogramas.es\/index.php\/producto\/camiseta\/#breadcrumb\",\"itemListElement\":[{\"@type\":\"ListItem\",\"position\":1,\"name\":\"Portada\",\"item\":\"https:\/\/www.monogramas.es\/\"},{\"@type\":\"ListItem\",\"position\":2,\"name\":\"CATALOGO\",\"item\":\"https:\/\/www.monogramas.es\/index.php\/store\/\"},{\"@type\":\"ListItem\",\"position\":3,\"name\":\"CAMISETA MANGA CORTA\"}]},{\"@type\":\"WebSite\",\"@id\":\"https:\/\/www.monogramas.es\/#website\",\"url\":\"https:\/\/www.monogramas.es\/\",\"name\":\"BORDADOS Y ESTAMPADOS\",\"description\":\"Bordados y estampados a tu alcance\",\"publisher\":{\"@id\":\"https:\/\/www.monogramas.es\/#organization\"},\"potentialAction\":[{\"@type\":\"SearchAction\",\"target\":{\"@type\":\"EntryPoint\",\"urlTemplate\":\"https:\/\/www.monogramas.es\/?s={search_term_string}\"},\"query-input\":{\"@type\":\"PropertyValueSpecification\",\"valueRequired\":true,\"valueName\":\"search_term_string\"}}],\"inLanguage\":\"es\"},{\"@type\":\"Organization\",\"@id\":\"https:\/\/www.monogramas.es\/#organization\",\"name\":\"monogramas\",\"url\":\"https:\/\/www.monogramas.es\/\",\"logo\":{\"@type\":\"ImageObject\",\"inLanguage\":\"es\",\"@id\":\"https:\/\/www.monogramas.es\/#\/schema\/logo\/image\/\",\"url\":\"https:\/\/www.monogramas.es\/wp-content\/uploads\/2019\/12\/monogramas-cabecera-pagina-web-final-scaled.png\",\"contentUrl\":\"https:\/\/www.monogramas.es\/wp-content\/uploads\/2019\/12\/monogramas-cabecera-pagina-web-final-scaled.png\",\"width\":2560,\"height\":1315,\"caption\":\"monogramas\"},\"image\":{\"@id\":\"https:\/\/www.monogramas.es\/#\/schema\/logo\/image\/\"},\"sameAs\":[\"https:\/\/www.facebook.com\/monogramas.es\/?ref=bookmarks\",\"https:\/\/x.com\/Monogramas1\",\"https:\/\/www.instagram.com\/monogramas.es\/\",\"https:\/\/www.youtube.com\/channel\/UCFwZuLf27A_ADTt61rTV9Kg\"]}]}<\/script>\n<!-- \/ Yoast SEO plugin. -->","yoast_head_json":{"title":"CAMISETAS BORDADOS ROLY ESTAMPADOS DTG","robots":{"index":"index","follow":"follow","max-snippet":"max-snippet:-1","max-image-preview":"max-image-preview:large","max-video-preview":"max-video-preview:-1"},"canonical":"https:\/\/www.monogramas.es\/index.php\/producto\/camiseta\/","og_locale":"es_ES","og_type":"article","og_title":"CAMISETAS BORDADOS ROLY ESTAMPADOS DTG","og_url":"https:\/\/www.monogramas.es\/index.php\/producto\/camiseta\/","og_site_name":"Monogramas, bordados y estampados","article_publisher":"https:\/\/www.facebook.com\/monogramas.es\/?ref=bookmarks","article_modified_time":"2022-01-22T09:27:30+00:00","og_image":[{"url":"https:\/\/www.monogramas.es\/wp-content\/uploads\/2019\/08\/6564_10_1_2.jpg","width":1,"height":1,"type":"image\/jpeg"}],"twitter_card":"summary_large_image","twitter_site":"@Monogramas1","schema":{"@context":"https:\/\/schema.org","@graph":[{"@type":"WebPage","@id":"https:\/\/www.monogramas.es\/index.php\/producto\/camiseta\/","url":"https:\/\/www.monogramas.es\/index.php\/producto\/camiseta\/","name":"CAMISETAS BORDADOS ROLY ESTAMPADOS DTG","isPartOf":{"@id":"https:\/\/www.monogramas.es\/#website"},"primaryImageOfPage":{"@id":"https:\/\/www.monogramas.es\/index.php\/producto\/camiseta\/#primaryimage"},"image":{"@id":"https:\/\/www.monogramas.es\/index.php\/producto\/camiseta\/#primaryimage"},"thumbnailUrl":"https:\/\/www.monogramas.es\/wp-content\/uploads\/2019\/08\/6564_10_1_2.jpg","datePublished":"2017-12-19T14:41:04+00:00","dateModified":"2022-01-22T09:27:30+00:00","breadcrumb":{"@id":"https:\/\/www.monogramas.es\/index.php\/producto\/camiseta\/#breadcrumb"},"inLanguage":"es","potentialAction":[{"@type":"ReadAction","target":["https:\/\/www.monogramas.es\/index.php\/producto\/camiseta\/"]}]},{"@type":"ImageObject","inLanguage":"es","@id":"https:\/\/www.monogramas.es\/index.php\/producto\/camiseta\/#primaryimage","url":"https:\/\/www.monogramas.es\/wp-content\/uploads\/2019\/08\/6564_10_1_2.jpg","contentUrl":"https:\/\/www.monogramas.es\/wp-content\/uploads\/2019\/08\/6564_10_1_2.jpg"},{"@type":"BreadcrumbList","@id":"https:\/\/www.monogramas.es\/index.php\/producto\/camiseta\/#breadcrumb","itemListElement":[{"@type":"ListItem","position":1,"name":"Portada","item":"https:\/\/www.monogramas.es\/"},{"@type":"ListItem","position":2,"name":"CATALOGO","item":"https:\/\/www.monogramas.es\/index.php\/store\/"},{"@type":"ListItem","position":3,"name":"CAMISETA MANGA CORTA"}]},{"@type":"WebSite","@id":"https:\/\/www.monogramas.es\/#website","url":"https:\/\/www.monogramas.es\/","name":"BORDADOS Y ESTAMPADOS","description":"Bordados y estampados a tu alcance","publisher":{"@id":"https:\/\/www.monogramas.es\/#organization"},"potentialAction":[{"@type":"SearchAction","target":{"@type":"EntryPoint","urlTemplate":"https:\/\/www.monogramas.es\/?s={search_term_string}"},"query-input":{"@type":"PropertyValueSpecification","valueRequired":true,"valueName":"search_term_string"}}],"inLanguage":"es"},{"@type":"Organization","@id":"https:\/\/www.monogramas.es\/#organization","name":"monogramas","url":"https:\/\/www.monogramas.es\/","logo":{"@type":"ImageObject","inLanguage":"es","@id":"https:\/\/www.monogramas.es\/#\/schema\/logo\/image\/","url":"https:\/\/www.monogramas.es\/wp-content\/uploads\/2019\/12\/monogramas-cabecera-pagina-web-final-scaled.png","contentUrl":"https:\/\/www.monogramas.es\/wp-content\/uploads\/2019\/12\/monogramas-cabecera-pagina-web-final-scaled.png","width":2560,"height":1315,"caption":"monogramas"},"image":{"@id":"https:\/\/www.monogramas.es\/#\/schema\/logo\/image\/"},"sameAs":["https:\/\/www.facebook.com\/monogramas.es\/?ref=bookmarks","https:\/\/x.com\/Monogramas1","https:\/\/www.instagram.com\/monogramas.es\/","https:\/\/www.youtube.com\/channel\/UCFwZuLf27A_ADTt61rTV9Kg"]}]}},"_links":{"self":[{"href":"https:\/\/www.monogramas.es\/index.php\/wp-json\/wp\/v2\/product\/943","targetHints":{"allow":["GET"]}}],"collection":[{"href":"https:\/\/www.monogramas.es\/index.php\/wp-json\/wp\/v2\/product"}],"about":[{"href":"https:\/\/www.monogramas.es\/index.php\/wp-json\/wp\/v2\/types\/product"}],"replies":[{"embeddable":true,"href":"https:\/\/www.monogramas.es\/index.php\/wp-json\/wp\/v2\/comments?post=943"}],"version-history":[{"count":5,"href":"https:\/\/www.monogramas.es\/index.php\/wp-json\/wp\/v2\/product\/943\/revisions"}],"predecessor-version":[{"id":2069,"href":"https:\/\/www.monogramas.es\/index.php\/wp-json\/wp\/v2\/product\/943\/revisions\/2069"}],"wp:featuredmedia":[{"embeddable":true,"href":"https:\/\/www.monogramas.es\/index.php\/wp-json\/wp\/v2\/media\/313"}],"wp:attachment":[{"href":"https:\/\/www.monogramas.es\/index.php\/wp-json\/wp\/v2\/media?parent=943"}],"wp:term":[{"taxonomy":"product_brand","embeddable":true,"href":"https:\/\/www.monogramas.es\/index.php\/wp-json\/wp\/v2\/product_brand?post=943"},{"taxonomy":"product_cat","embeddable":true,"href":"https:\/\/www.monogramas.es\/index.php\/wp-json\/wp\/v2\/product_cat?post=943"},{"taxonomy":"product_tag","embeddable":true,"href":"https:\/\/www.monogramas.es\/index.php\/wp-json\/wp\/v2\/product_tag?post=943"}],"curies":[{"name":"wp","href":"https:\/\/api.w.org\/{rel}","templated":true}]}}